{"id":7471,"date":"2015-12-15T07:37:33","date_gmt":"2015-12-15T07:37:33","guid":{"rendered":"http:\/\/demo-import.loc\/?page_id=9"},"modified":"2024-05-16T17:36:08","modified_gmt":"2024-05-16T14:36:08","slug":"hakkimizda","status":"publish","type":"page","link":"https:\/\/healthica.com.tr\/?page_id=7471","title":{"rendered":"Hakk\u0131m\u0131zda"},"content":{"rendered":"\t\t<div data-elementor-type=\"wp-page\" data-elementor-id=\"7471\" class=\"elementor elementor-7471\">\n\t\t\t\t\t\t<section class=\"elementor-section elementor-top-section elementor-element elementor-element-e8c77e9 elementor-section-boxed elementor-section-height-default elementor-section-height-default\" data-id=\"e8c77e9\" data-element_type=\"section\" data-settings=\"{&quot;background_background&quot;:&quot;classic&quot;}\">\n\t\t\t\t\t\t<div class=\"elementor-container elementor-column-gap-default\">\n\t\t\t\t\t<div class=\"elementor-column elementor-col-100 elementor-top-column elementor-element elementor-element-29f23c0e\" data-id=\"29f23c0e\" data-element_type=\"column\">\n\t\t\t<div class=\"elementor-widget-wrap elementor-element-populated\">\n\t\t\t\t\t\t<div class=\"elementor-element elementor-element-768a3f6 elementor-widget elementor-widget-image\" data-id=\"768a3f6\" data-element_type=\"widget\" data-widget_type=\"image.default\">\n\t\t\t\t<div class=\"elementor-widget-container\">\n\t\t\t<style>\/*! elementor - v3.21.0 - 08-05-2024 *\/\n.elementor-widget-image{text-align:center}.elementor-widget-image a{display:inline-block}.elementor-widget-image a img[src$=\".svg\"]{width:48px}.elementor-widget-image img{vertical-align:middle;display:inline-block}<\/style>\t\t\t\t\t\t\t\t\t\t<img fetchpriority=\"high\" decoding=\"async\" width=\"1024\" height=\"732\" src=\"https:\/\/healthica.com.tr\/wp-content\/uploads\/2022\/01\/healthica-hakkinda-1024x732.png\" class=\"attachment-large size-large wp-image-11897\" alt=\"Hakk\u0131m\u0131zda\" srcset=\"https:\/\/healthica.com.tr\/wp-content\/uploads\/2022\/01\/healthica-hakkinda-1024x732.png 1024w, https:\/\/healthica.com.tr\/wp-content\/uploads\/2022\/01\/healthica-hakkinda-300x214.png 300w, https:\/\/healthica.com.tr\/wp-content\/uploads\/2022\/01\/healthica-hakkinda-768x549.png 768w, https:\/\/healthica.com.tr\/wp-content\/uploads\/2022\/01\/healthica-hakkinda-350x250.png 350w, https:\/\/healthica.com.tr\/wp-content\/uploads\/2022\/01\/healthica-hakkinda-255x182.png 255w, https:\/\/healthica.com.tr\/wp-content\/uploads\/2022\/01\/healthica-hakkinda-900x643.png 900w, https:\/\/healthica.com.tr\/wp-content\/uploads\/2022\/01\/healthica-hakkinda.png 1149w\" sizes=\"(max-width: 1024px) 100vw, 1024px\" \/>\t\t\t\t\t\t\t\t\t\t\t\t\t<\/div>\n\t\t\t\t<\/div>\n\t\t\t\t<div class=\"elementor-element elementor-element-372890d9 elementor-widget elementor-widget-text-editor\" data-id=\"372890d9\" data-element_type=\"widget\" data-widget_type=\"text-editor.default\">\n\t\t\t\t<div class=\"elementor-widget-container\">\n\t\t\t<style>\/*! elementor - v3.21.0 - 08-05-2024 *\/\n.elementor-widget-text-editor.elementor-drop-cap-view-stacked .elementor-drop-cap{background-color:#69727d;color:#fff}.elementor-widget-text-editor.elementor-drop-cap-view-framed .elementor-drop-cap{color:#69727d;border:3px solid;background-color:transparent}.elementor-widget-text-editor:not(.elementor-drop-cap-view-default) .elementor-drop-cap{margin-top:8px}.elementor-widget-text-editor:not(.elementor-drop-cap-view-default) .elementor-drop-cap-letter{width:1em;height:1em}.elementor-widget-text-editor .elementor-drop-cap{float:left;text-align:center;line-height:1;font-size:50px}.elementor-widget-text-editor .elementor-drop-cap-letter{display:inline-block}<\/style>\t\t\t\t<h2 class=\"no_stripe\">Bizi Tan\u0131y\u0131n<\/h2>\n<p><strong>Healthica T\u0131bbi Sistemler San. ve Tic. A.\u015e.<\/strong> sa\u011fl\u0131k sekt\u00f6r\u00fcnde g\u00fc\u00e7l\u00fc, dinamik, heyecanl\u0131 ve emin ad\u0131mlarla ilerleyen bir firmad\u0131r.<\/p>\n<p>M\u00fc\u015fterilerimizin ihtiya\u00e7lar\u0131n\u0131 anlay\u0131p beklentilerinin \u00f6tesine ge\u00e7ebilmek ad\u0131na, kendine g\u00fcvenen ve enerjik ekibimizle birlikte m\u00fc\u015fterilerimize d\u00fcnya standartlar\u0131nda hizmet vermekteyiz.<\/p>\n<p>Healthica servis m\u00fchendisleri, g\u00f6r\u00fcnt\u00fcleme cihazlar\u0131 alan\u0131nda uzman, yurtd\u0131\u015f\u0131 e\u011fitimli, en iyi servis m\u00fchendisleridir.<\/p>\n<p>Vizyonumuz, y\u00f6neticilik tecr\u00fcbemiz ve sa\u011fl\u0131k sekt\u00f6r\u00fcnde edindi\u011fimiz know-how sayesinde, m\u00fc\u015fterilerimize yarat\u0131c\u0131 servisler ve \u00fcr\u00fcnler sunarak sekt\u00f6rde daha g\u00fc\u00e7l\u00fc bir konum elde etmek i\u00e7in var g\u00fcc\u00fcm\u00fczle \u00e7al\u0131\u015fmaya devam ediyoruz.<\/p>\n\t\t\t\t\t\t<\/div>\n\t\t\t\t<\/div>\n\t\t\t\t<div class=\"elementor-element elementor-element-bdc5b21 elementor-widget elementor-widget-stm_quote\" data-id=\"bdc5b21\" data-element_type=\"widget\" data-widget_type=\"stm_quote.default\">\n\t\t\t\t<div class=\"elementor-widget-container\">\n\t\t\t\n<div class=\"quote_box base consulting_elementor_quote\" style=\"color: \">\n            <div class=\"quote\">\n            \"Kalite asla tesad\u00fcf de\u011fildir; her zaman y\u00fcksek niyetin, samimi \u00e7aban\u0131n, ak\u0131ll\u0131 y\u00f6nlendirmenin ve ustaca y\u00fcr\u00fctmenin sonucudur; bir\u00e7ok alternatifin ak\u0131ll\u0131ca se\u00e7imini temsil eder.\"        <\/div>\n                <div class=\"stm_contact_image\">\n            <img src='' alt='' \/>        <\/div>\n                <div class=\"author_info\">\n            <div class=\"author_name\">\n                William A. Foster            <\/div>\n            <div class=\"author_status\">\n                            <\/div>\n        <\/div>\n    <\/div>\t\t<\/div>\n\t\t\t\t<\/div>\n\t\t\t\t<div class=\"elementor-element elementor-element-2e09787 elementor-widget elementor-widget-text-editor\" data-id=\"2e09787\" data-element_type=\"widget\" data-widget_type=\"text-editor.default\">\n\t\t\t\t<div class=\"elementor-widget-container\">\n\t\t\t\t\t\t\t<h2>Kalite Politikam\u0131z<\/h2>\n<ul>\n<li><span style=\"font-size: inherit;\">M\u00fc\u015fterilerimize en \u00fcst kalite seviyesinde hizmet sunmak,<\/span><\/li>\n<li><span style=\"font-size: inherit;\">\u0130\u00e7inde bulundu\u011fumuz Medikal Cihaz Sekt\u00f6r\u00fc\u2019ne sa\u011flad\u0131\u011f\u0131m\u0131z \u00fcr\u00fcnlerin her zaman en \u00fcst kalite seviyesinde olmas\u0131 i\u00e7in \u00e7al\u0131\u015fmak,<\/span><\/li>\n<li><span style=\"font-size: inherit;\">\u0130lgili taraflar\u0131n \u015fartlar\u0131n\u0131, yasal ko\u015fullar\u0131 ve mevzuatlar\u0131 her zaman titizlikle uygulamak ve yerine getirmek,<\/span><\/li>\n<li><span style=\"font-size: inherit;\">T\u00fcm faaliyetlerimizi &#8220;s\u00fcrekli iyile\u015ftirme&#8221; prensibi \u00e7er\u00e7evesinde ger\u00e7ekle\u015ftirerek m\u00fc\u015fteri memnuniyetini sa\u011flamak,<\/span><\/li>\n<li><span style=\"font-size: inherit;\">M\u00fc\u015fteri ihtiya\u00e7 ve beklentilerini bir \u00f6ncekinden daha iyi kar\u015f\u0131lamay\u0131 sa\u011flamak,<\/span><\/li>\n<li><span style=\"font-size: inherit;\">\u0130\u015f sa\u011fl\u0131\u011f\u0131 ve g\u00fcvenli\u011fi ile \u00e7evreye yasalar\u0131n \u00fcst\u00fcnde bir titizlikle \u00f6zen g\u00f6stermek.<\/span><\/li>\n<\/ul>\n\t\t\t\t\t\t<\/div>\n\t\t\t\t<\/div>\n\t\t\t\t<section class=\"elementor-section elementor-top-section elementor-element elementor-element-643062da elementor-section-boxed elementor-section-height-default elementor-section-height-default\" data-id=\"643062da\" data-element_type=\"section\">\n\t\t\t\t\t\t<div class=\"elementor-container elementor-column-gap-default\">\n\t\t\t\t\t<div class=\"elementor-column elementor-col-50 elementor-top-column elementor-element elementor-element-1be35eb1\" data-id=\"1be35eb1\" data-element_type=\"column\">\n\t\t\t<div class=\"elementor-widget-wrap elementor-element-populated\">\n\t\t\t\t\t\t<div class=\"elementor-element elementor-element-213cf0bc elementor-widget elementor-widget-vc_custom_heading\" data-id=\"213cf0bc\" data-element_type=\"widget\" data-widget_type=\"vc_custom_heading.default\">\n\t\t\t\t<div class=\"elementor-widget-container\">\n\t\t\t<div class=\" vc_custom_heading no_stripe consulting_heading_font  text_align_left\" ><h4 style=\"color: #222222;text-align: left;font-weight:700\" class=\"consulting-custom-title\">Y\u00fcksek Standartlarda Hizmet\n<\/h4><\/div>\t\t<\/div>\n\t\t\t\t<\/div>\n\t\t\t\t<div class=\"elementor-element elementor-element-1ef178fe elementor-widget elementor-widget-text-editor\" data-id=\"1ef178fe\" data-element_type=\"widget\" data-widget_type=\"text-editor.default\">\n\t\t\t\t<div class=\"elementor-widget-container\">\n\t\t\t\t\t\t\t<p class=\"Normal\"><span class=\"tm5\">Healthica olarak, <\/span><span class=\"tm5\">y\u00fcksek kalite standartlar\u0131 \u00e7er\u00e7evesinde, i\u015f ortaklar\u0131m\u0131zla kurdu\u011fumuz empati ile, sahadaki sorunlara daima zaman\u0131nda ve en uygun \u00e7\u00f6z\u00fcmlerle yakla\u015fmay\u0131 hedefliyoruz.<\/span> Bu g\u00fcvene de\u011fer veriyoruz ve onu korumak i\u00e7in her g\u00fcn \u00e7al\u0131\u015f\u0131yoruz. Healthica, \u00a0TSE ve TAEK standartlar\u0131nda faaliyet g\u00f6stermektedir.<\/p>\n\t\t\t\t\t\t<\/div>\n\t\t\t\t<\/div>\n\t\t\t\t\t<\/div>\n\t\t<\/div>\n\t\t\t\t<div class=\"elementor-column elementor-col-50 elementor-top-column elementor-element elementor-element-13feee3c\" data-id=\"13feee3c\" data-element_type=\"column\">\n\t\t\t<div class=\"elementor-widget-wrap elementor-element-populated\">\n\t\t\t\t\t\t<div class=\"elementor-element elementor-element-ab743df elementor-absolute elementor-widget elementor-widget-image\" data-id=\"ab743df\" data-element_type=\"widget\" data-settings=\"{&quot;_position&quot;:&quot;absolute&quot;}\" data-widget_type=\"image.default\">\n\t\t\t\t<div class=\"elementor-widget-container\">\n\t\t\t\t\t\t\t\t\t\t\t\t\t<img decoding=\"async\" width=\"600\" height=\"362\" src=\"https:\/\/healthica.com.tr\/wp-content\/uploads\/2022\/02\/tse-1.png\" class=\"attachment-full size-full wp-image-12357\" alt=\"TSE Standartlar\u0131n Hizmet\" srcset=\"https:\/\/healthica.com.tr\/wp-content\/uploads\/2022\/02\/tse-1.png 600w, https:\/\/healthica.com.tr\/wp-content\/uploads\/2022\/02\/tse-1-300x181.png 300w\" sizes=\"(max-width: 600px) 100vw, 600px\" \/>\t\t\t\t\t\t\t\t\t\t\t\t\t<\/div>\n\t\t\t\t<\/div>\n\t\t\t\t\t<\/div>\n\t\t<\/div>\n\t\t\t\t\t<\/div>\n\t\t<\/section>\n\t\t\t\t\t<\/div>\n\t\t<\/div>\n\t\t\t\t<div class=\"elementor-column elementor-col-25 elementor-top-column elementor-element elementor-element-73cddf7d elementor-hidden-tablet elementor-hidden-phone\" data-id=\"73cddf7d\" data-element_type=\"column\">\n\t\t\t<div class=\"elementor-widget-wrap elementor-element-populated\">\n\t\t\t\t\t\t<div class=\"elementor-element elementor-element-1ef5e8a0 elementor-widget elementor-widget-stm_sidebar\" data-id=\"1ef5e8a0\" data-element_type=\"widget\" data-widget_type=\"stm_sidebar.default\">\n\t\t\t\t<div class=\"elementor-widget-container\">\n\t\t\t\n<div class=\"stm_sidebar consulting_elementor_sidebar\">\n\n            \t\t<div data-elementor-type=\"wp-post\" data-elementor-id=\"311\" class=\"elementor elementor-311\">\n\t\t\t\t\t\t<section class=\"elementor-section elementor-top-section elementor-element elementor-element-c857da8 elementor-section-boxed elementor-section-height-default elementor-section-height-default\" data-id=\"c857da8\" data-element_type=\"section\" data-settings=\"{&quot;background_background&quot;:&quot;classic&quot;}\">\n\t\t\t\t\t\t<div class=\"elementor-container elementor-column-gap-default\">\n\t\t\t\t\t<div class=\"elementor-column elementor-col-100 elementor-top-column elementor-element elementor-element-c858737\" data-id=\"c858737\" data-element_type=\"column\">\n\t\t\t<div class=\"elementor-widget-wrap elementor-element-populated\">\n\t\t\t\t\t\t<div class=\"elementor-element elementor-element-c858fa7 mb-30 elementor-widget elementor-widget-wp-widget-nav_menu\" data-id=\"c858fa7\" data-element_type=\"widget\" data-widget_type=\"wp-widget-nav_menu.default\">\n\t\t\t\t<div class=\"elementor-widget-container\">\n\t\t\t<aside class='widget widget_nav_menu'><div class=\"menu-hakkimizda-sidebar-container\"><ul id=\"menu-hakkimizda-sidebar\" class=\"menu\"><li id=\"menu-item-11193\" class=\"menu-item menu-item-type-post_type menu-item-object-page menu-item-11193\"><a href=\"https:\/\/healthica.com.tr\/?page_id=7471\">\u015eirket Hakk\u0131nda<\/a><\/li>\n<li id=\"menu-item-12863\" class=\"menu-item menu-item-type-post_type menu-item-object-page menu-item-12863\"><a href=\"https:\/\/healthica.com.tr\/?page_id=11929\">Kurumsal Bilgilerimiz<\/a><\/li>\n<li id=\"menu-item-12864\" class=\"menu-item menu-item-type-post_type menu-item-object-page menu-item-12864\"><a href=\"https:\/\/healthica.com.tr\/?page_id=12141\">Referanslar\u0131m\u0131z<\/a><\/li>\n<li id=\"menu-item-12865\" class=\"menu-item menu-item-type-post_type menu-item-object-page menu-item-12865\"><a href=\"https:\/\/healthica.com.tr\/?page_id=1336\">\u0130leti\u015fim<\/a><\/li>\n<\/ul><\/div><\/aside>\t\t<\/div>\n\t\t\t\t<\/div>\n\t\t\t\t<div class=\"elementor-element elementor-element-c85a994 elementor-align-left elementor-widget elementor-widget-button\" data-id=\"c85a994\" data-element_type=\"widget\" data-widget_type=\"button.default\">\n\t\t\t\t<div class=\"elementor-widget-container\">\n\t\t\t\t\t<div class=\"elementor-button-wrapper icon_align_left  button_block\">\n\t\t\t<a class=\"elementor-button elementor-button-link elementor-size-md\" href=\"https:\/\/healthica.com.tr\/wp-content\/uploads\/2022\/01\/healthica-tanitim-brosuru.pdf\" target=\"_blank\">\n\t\t\t\t\t\t<span class=\"elementor-button-content-wrapper\">\n\t\t\t\t\t\t<span class=\"elementor-button-icon elementor-align-icon-left\">\n\t\t\t\t<i aria-hidden=\"true\" class=\"fa fa-file-pdf-o\"><\/i>\t\t\t<\/span>\n\t\t\t\t\t\t\t\t\t<span class=\"elementor-button-text\">Tan\u0131t\u0131m Bro\u015f\u00fcr\u00fc<\/span>\n\t\t\t\t\t<\/span>\n\t\t\t\t\t<\/a>\n\t\t<\/div>\n\t\t\t\t<\/div>\n\t\t\t\t<\/div>\n\t\t\t\t\t<\/div>\n\t\t<\/div>\n\t\t\t\t\t<\/div>\n\t\t<\/section>\n\t\t\t\t<section class=\"elementor-section elementor-top-section elementor-element elementor-element-39bf392 elementor-section-boxed elementor-section-height-default elementor-section-height-default\" data-id=\"39bf392\" data-element_type=\"section\">\n\t\t\t\t\t\t<div class=\"elementor-container elementor-column-gap-default\">\n\t\t\t\t\t<div class=\"elementor-column elementor-col-100 elementor-top-column elementor-element elementor-element-0cf184a\" data-id=\"0cf184a\" data-element_type=\"column\" data-settings=\"{&quot;background_background&quot;:&quot;classic&quot;}\">\n\t\t\t<div class=\"elementor-widget-wrap elementor-element-populated\">\n\t\t\t\t\t\t<section class=\"elementor-section elementor-inner-section elementor-element elementor-element-1df25ce elementor-section-boxed elementor-section-height-default elementor-section-height-default\" data-id=\"1df25ce\" data-element_type=\"section\" data-settings=\"{&quot;background_background&quot;:&quot;classic&quot;}\">\n\t\t\t\t\t\t<div class=\"elementor-container elementor-column-gap-default\">\n\t\t\t\t\t<div class=\"elementor-column elementor-col-100 elementor-inner-column elementor-element elementor-element-c5dc57a\" data-id=\"c5dc57a\" data-element_type=\"column\">\n\t\t\t<div class=\"elementor-widget-wrap elementor-element-populated\">\n\t\t\t\t\t\t<div class=\"elementor-element elementor-element-386d43c elementor-widget elementor-widget-vc_custom_heading\" data-id=\"386d43c\" data-element_type=\"widget\" data-widget_type=\"vc_custom_heading.default\">\n\t\t\t\t<div class=\"elementor-widget-container\">\n\t\t\t<div class=\" vc_custom_heading  consulting_heading_font  text_align_left title_no_stripe\" ><div style=\"font-size: 16px;color: #ffffff;text-align: left;font-weight:700\" class=\"consulting-custom-title\">Nas\u0131l yard\u0131mc\u0131 olabiliriz?\n<\/div><\/div>\t\t<\/div>\n\t\t\t\t<\/div>\n\t\t\t\t<div class=\"elementor-element elementor-element-8d57cee elementor-widget elementor-widget-text-editor\" data-id=\"8d57cee\" data-element_type=\"widget\" data-widget_type=\"text-editor.default\">\n\t\t\t\t<div class=\"elementor-widget-container\">\n\t\t\t\t\t\t\t<p><span style=\"font-size: 13px; line-height: 22px; color: #ffffff;\">Bizler m\u00fc\u015fteri memnuniyetinin bizlere neler kataca\u011f\u0131n\u0131 biliyoruz.<br \/>\nBu ba\u011flamda, \u00e7al\u0131\u015fmalar\u0131m\u0131z\u0131 her zaman daha iyiye ula\u015fmak ve bizden beklenenin \u00fczerinde sonu\u00e7lar elde etme amac\u0131yla \u015fekillendiriyoruz. T\u00fcm \u00f6neri, istek ve \u015fikayetlerinizi bize iletebilirsiniz.<\/span><\/p>\n\t\t\t\t\t\t<\/div>\n\t\t\t\t<\/div>\n\t\t\t\t<div class=\"elementor-element elementor-element-0192cba elementor-widget__width-auto elementor-widget elementor-widget-button\" data-id=\"0192cba\" data-element_type=\"widget\" data-widget_type=\"button.default\">\n\t\t\t\t<div class=\"elementor-widget-container\">\n\t\t\t\t\t<div class=\"elementor-button-wrapper icon_align_left  \">\n\t\t\t<a class=\"elementor-button elementor-button-link elementor-size-md\" href=\"https:\/\/healthica.com.tr\/?page_id=1336\">\n\t\t\t\t\t\t<span class=\"elementor-button-content-wrapper\">\n\t\t\t\t\t\t<span class=\"elementor-button-icon elementor-align-icon-left\">\n\t\t\t\t<i aria-hidden=\"true\" class=\"fas fa-phone-square-alt\"><\/i>\t\t\t<\/span>\n\t\t\t\t\t\t\t\t\t<span class=\"elementor-button-text\">\u0130leti\u015fim<\/span>\n\t\t\t\t\t<\/span>\n\t\t\t\t\t<\/a>\n\t\t<\/div>\n\t\t\t\t<\/div>\n\t\t\t\t<\/div>\n\t\t\t\t\t<\/div>\n\t\t<\/div>\n\t\t\t\t\t<\/div>\n\t\t<\/section>\n\t\t\t\t\t<\/div>\n\t\t<\/div>\n\t\t\t\t\t<\/div>\n\t\t<\/section>\n\t\t\t\t<\/div>\n\t\t    \n<\/div>\t\t<\/div>\n\t\t\t\t<\/div>\n\t\t\t\t\t<\/div>\n\t\t<\/div>\n\t\t\t\t\t<\/div>\n\t\t<\/section>\n\t\t\t\t<section class=\"elementor-section elementor-top-section elementor-element elementor-element-62ae8f5 elementor-section-content-middle elementor-section-stretched elementor-section-boxed elementor-section-height-default elementor-section-height-default\" data-id=\"62ae8f5\" data-element_type=\"section\" data-settings=\"{&quot;stretch_section&quot;:&quot;section-stretched&quot;,&quot;background_background&quot;:&quot;classic&quot;}\">\n\t\t\t\t\t\t<div class=\"elementor-container elementor-column-gap-default\">\n\t\t\t\t\t<div class=\"elementor-column elementor-col-50 elementor-top-column elementor-element elementor-element-608673fe\" data-id=\"608673fe\" data-element_type=\"column\">\n\t\t\t<div class=\"elementor-widget-wrap elementor-element-populated\">\n\t\t\t\t\t\t<div class=\"elementor-element elementor-element-3922226 elementor-widget elementor-widget-heading\" data-id=\"3922226\" data-element_type=\"widget\" data-widget_type=\"heading.default\">\n\t\t\t\t<div class=\"elementor-widget-container\">\n\t\t\t<style>\/*! elementor - v3.21.0 - 08-05-2024 *\/\n.elementor-heading-title{padding:0;margin:0;line-height:1}.elementor-widget-heading .elementor-heading-title[class*=elementor-size-]>a{color:inherit;font-size:inherit;line-height:inherit}.elementor-widget-heading .elementor-heading-title.elementor-size-small{font-size:15px}.elementor-widget-heading .elementor-heading-title.elementor-size-medium{font-size:19px}.elementor-widget-heading .elementor-heading-title.elementor-size-large{font-size:29px}.elementor-widget-heading .elementor-heading-title.elementor-size-xl{font-size:39px}.elementor-widget-heading .elementor-heading-title.elementor-size-xxl{font-size:59px}<\/style><div class=\"elementor-heading-title elementor-size-default\">Kaliteli ve g\u00fcvenilir bir hizmet mi ar\u0131yorsunuz?<\/div>\t\t<\/div>\n\t\t\t\t<\/div>\n\t\t\t\t\t<\/div>\n\t\t<\/div>\n\t\t\t\t<div class=\"elementor-column elementor-col-50 elementor-top-column elementor-element elementor-element-3f21f1d6\" data-id=\"3f21f1d6\" data-element_type=\"column\">\n\t\t\t<div class=\"elementor-widget-wrap elementor-element-populated\">\n\t\t\t\t\t\t<div class=\"elementor-element elementor-element-4883af76 elementor-align-right elementor-tablet-align-center elementor-widget elementor-widget-button\" data-id=\"4883af76\" data-element_type=\"widget\" data-widget_type=\"button.default\">\n\t\t\t\t<div class=\"elementor-widget-container\">\n\t\t\t\t\t<div class=\"elementor-button-wrapper icon_align_right  \">\n\t\t\t<a class=\"elementor-button elementor-button-link elementor-size-sm\" href=\"https:\/\/healthica.com.tr\/?page_id=1336\" target=\"_blank\">\n\t\t\t\t\t\t<span class=\"elementor-button-content-wrapper\">\n\t\t\t\t\t\t<span class=\"elementor-button-icon elementor-align-icon-right\">\n\t\t\t\t<i aria-hidden=\"true\" class=\" stm-right-arrow\"><\/i>\t\t\t<\/span>\n\t\t\t\t\t\t\t\t\t<span class=\"elementor-button-text\">Hemen Aray\u0131n<\/span>\n\t\t\t\t\t<\/span>\n\t\t\t\t\t<\/a>\n\t\t<\/div>\n\t\t\t\t<\/div>\n\t\t\t\t<\/div>\n\t\t\t\t\t<\/div>\n\t\t<\/div>\n\t\t\t\t\t<\/div>\n\t\t<\/section>\n\t\t\t\t<\/div>\n\t\t","protected":false},"excerpt":{"rendered":"<p>Bizi Tan\u0131y\u0131n Healthica T\u0131bbi Sistemler San. ve Tic. A.\u015e. sa\u011fl\u0131k sekt\u00f6r\u00fcnde g\u00fc\u00e7l\u00fc, dinamik, heyecanl\u0131 ve emin ad\u0131mlarla ilerleyen bir firmad\u0131r. M\u00fc\u015fterilerimizin ihtiya\u00e7lar\u0131n\u0131 anlay\u0131p beklentilerinin \u00f6tesine ge\u00e7ebilmek ad\u0131na, kendine g\u00fcvenen ve enerjik ekibimizle birlikte m\u00fc\u015fterilerimize d\u00fcnya standartlar\u0131nda hizmet vermekteyiz. Healthica servis m\u00fchendisleri, g\u00f6r\u00fcnt\u00fcleme cihazlar\u0131 alan\u0131nda uzman, yurtd\u0131\u015f\u0131 e\u011fitimli, en iyi servis m\u00fchendisleridir. Vizyonumuz, y\u00f6neticilik tecr\u00fcbemiz ve<\/p>\n","protected":false},"author":1,"featured_media":0,"parent":0,"menu_order":0,"comment_status":"closed","ping_status":"closed","template":"","meta":{"inline_featured_image":false,"footnotes":""},"lang":"tr","translations":{"tr":7471,"en":12569},"pll_sync_post":[],"_links":{"self":[{"href":"https:\/\/healthica.com.tr\/index.php?rest_route=\/wp\/v2\/pages\/7471"}],"collection":[{"href":"https:\/\/healthica.com.tr\/index.php?rest_route=\/wp\/v2\/pages"}],"about":[{"href":"https:\/\/healthica.com.tr\/index.php?rest_route=\/wp\/v2\/types\/page"}],"author":[{"embeddable":true,"href":"https:\/\/healthica.com.tr\/index.php?rest_route=\/wp\/v2\/users\/1"}],"replies":[{"embeddable":true,"href":"https:\/\/healthica.com.tr\/index.php?rest_route=%2Fwp%2Fv2%2Fcomments&post=7471"}],"version-history":[{"count":8,"href":"https:\/\/healthica.com.tr\/index.php?rest_route=\/wp\/v2\/pages\/7471\/revisions"}],"predecessor-version":[{"id":12964,"href":"https:\/\/healthica.com.tr\/index.php?rest_route=\/wp\/v2\/pages\/7471\/revisions\/12964"}],"wp:attachment":[{"href":"https:\/\/healthica.com.tr\/index.php?rest_route=%2Fwp%2Fv2%2Fmedia&parent=7471"}],"curies":[{"name":"wp","href":"https:\/\/api.w.org\/{rel}","templated":true}]}}