{"id":3,"date":"2022-01-05T18:44:02","date_gmt":"2022-01-05T15:44:02","guid":{"rendered":"https:\/\/healthica.com.tr\/?page_id=3"},"modified":"2022-01-25T17:48:31","modified_gmt":"2022-01-25T14:48:31","slug":"gizlilik-ve-cerez-politikasi","status":"publish","type":"page","link":"https:\/\/healthica.com.tr\/?page_id=3","title":{"rendered":"Gizlilik ve \u00c7erez Politikas\u0131"},"content":{"rendered":"\n<h1 class=\"wp-block-heading\"><strong>G\u0130ZL\u0130L\u0130K VE \u00c7EREZ POL\u0130T\u0130KASI<\/strong><\/h1>\n\n\n\n<p>Bu Gizlilik ve \u00c7erez Politikas\u0131, \u201cHealthica T\u0131bbi Sistemler San. ve Tic. A.\u015e. (\u201c<strong>Healthica<\/strong>\u201d) Fahrettin Kerim G\u00f6kay Cad. K\u00f6\u015fkl\u00fc Apt. No:60\/5 Feneryolu, Kad\u0131k\u00f6y\/\u0130stanbul\u201d taraf\u0131ndan y\u00f6netilen\u00a0<a href=\"https:\/\/healthica.com.tr\/\">https:\/\/healthica.com.tr<\/a>\u00a0adresli web sitesinde kullan\u0131lmakta olan \u00e7erezlere ili\u015fkin olarak, web sitesi ziyaret\u00e7ilerinin bilgilendirilmesi amac\u0131yla haz\u0131rlanm\u0131\u015ft\u0131r.<\/p>\n\n\n\n<h2 class=\"wp-block-heading\"><strong>Gizlilik Politikas\u0131 ve Kullan\u0131m \u015eartlar\u0131<\/strong><\/h2>\n\n\n\n<p><strong>Healthica<\/strong>&nbsp;siteye bildirilen isim, adres ve sair \u015fahsi bilgileri yasal bir zorunluluk olmad\u0131k\u00e7a \u00fc\u00e7\u00fcnc\u00fc ki\u015filere a\u00e7\u0131klamayacak ve istihdam etti\u011fi yard\u0131mc\u0131 ki\u015filerin de bu hususa uymalar\u0131n\u0131 sa\u011flamak i\u00e7in idari ve teknik tedbirleri alacakt\u0131r.<\/p>\n\n\n\n<p>Kullan\u0131m ve gizlilik ko\u015fullar\u0131&nbsp;<strong>Healthica\u2019ya<\/strong>&nbsp;ait https:\/\/healthica.com.tr ve burada belirtilen&nbsp;<strong>Healthica<\/strong>&nbsp;logosunu ta\u015f\u0131yan, bu sayfada listelenen t\u00fcm mikro siteler i\u00e7in ge\u00e7erlidir. S\u00f6z konusu&nbsp;<strong>Healthica<\/strong>&nbsp;ve mikro sitelerini ziyaret etti\u011finizde sitelerde yer alan kullan\u0131m ko\u015fullar\u0131 ve gizlilik politikas\u0131n\u0131 incelemelisiniz. Bu siteler haricindeki herhangi bir sitede&nbsp;<strong>Healthica<\/strong>\u2019n\u0131n logosunu g\u00f6rmeniz bu g\u00fcvenlik ve gizlilik kurallar\u0131n\u0131n o sitede ge\u00e7erli oldu\u011fu anlam\u0131n\u0131 ta\u015f\u0131maz.<\/p>\n\n\n\n<p>https:\/\/healthica.com.tr sitesinde ki t\u00fcm materyalde sa\u011flanan yasal haklar&nbsp;<strong>Healthica<\/strong>&nbsp;taraf\u0131nda tutulur, kullan\u0131c\u0131lar bilgi ve dok\u00fcmanlar\u0131 sadece bilgi edinmek amac\u0131yla kullanabilir, yay\u0131nlanan bilgilerde hi\u00e7bir ticari ama\u00e7 g\u00fctmeksizin yay\u0131nlanmaktad\u0131r. Yaln\u0131zca ticari olmayan ki\u015fisel kullan\u0131m\u0131n\u0131z i\u00e7in, olmak kayd\u0131yla kopya edilmesine izin verilir. Burada belirtilenin d\u0131\u015f\u0131nda, hi\u00e7bir materyal kopya edilemez, tekrar \u00fcretilemez, da\u011f\u0131t\u0131lamaz, sergilenemez, y\u00fcklenemez, tekrar oynat\u0131lamaz, postalanamaz, verici yoluyla ge\u00e7irilemez, d\u00e2hilen, fakat s\u0131n\u0131rlanmam\u0131\u015f olarak, elektronik, mekanik, fotokopi suretiyle, kay\u0131tl\u0131 veya herhangi ba\u015fka bir \u015fekilde \u00e7o\u011falt\u0131lamaz.<\/p>\n\n\n\n<p>Bu web sitesinde bulunan bilgileri g\u00fcncellemek, de\u011fi\u015ftirmek, \u00e7\u0131karmak veya d\u00fczenlemek gibi i\u015flerin yap\u0131lmas\u0131&nbsp;<strong>Healthica\u2019ya<\/strong>&nbsp;ait olup, bu konudaki t\u00fcm haklara sahiptir.<\/p>\n\n\n\n<p>Sitede yer alan bilgilerin \u00e7e\u015fitli nedenlerle do\u011fruluk i\u00e7erecek \u015fekilde g\u00fcncelle\u015fmemesi; revizyonda gecikme, sitede olmas\u0131 muhtemel bir yanl\u0131\u015fl\u0131k veya eksiklikten ya da de\u011fi\u015fiklikten \u00f6t\u00fcr\u00fc&nbsp;<strong>Healthica\u2019ya<\/strong>&nbsp;hi\u00e7bir nam alt\u0131nda sorumluluk y\u00fcklenemez. G\u00fcncellemeye ili\u015fkin tarih bulunmas\u0131, belirtilen hususlar aksine&nbsp;<strong>Healthica&nbsp;<\/strong>hi\u00e7bir \u015fekilde y\u00fck\u00fcml\u00fcl\u00fck alt\u0131na sokmaz.<\/p>\n\n\n\n<p><strong>Healthica\u2019ya<\/strong>&nbsp;ait web sitesi ve ilgili mikro sitelerine eri\u015fimde bulunan ki\u015fi ya da ki\u015filer Kullan\u0131m Ko\u015fullar\u0131\u2018n\u0131n en son halini kabul etmi\u015f olmakta ve ilgili web sitesindeki ziyaret\u00e7i, sitede bulunan bilgiler do\u011frultusunda her t\u00fcrl\u00fc karar ile ilgili t\u00fcm sorumluluklara sahiptir.<\/p>\n\n\n\n<p><strong>Healthica<\/strong>&nbsp;web sitesine veya bu siteden ba\u011flant\u0131 yap\u0131larak ula\u015f\u0131lan herhangi bir web sitesine girilmesi veya bunlar\u0131n kullan\u0131m\u0131ndan do\u011fabilecek do\u011frudan veya dolayl\u0131 kay\u0131p veya zararlardan,&nbsp;<strong>Healthica<\/strong>&nbsp;sorumlu tutulamaz.<\/p>\n\n\n\n<p><strong>Healthica<\/strong>\u2019ya ait veya lisans\u0131 kendisinde olan marka ve hizmet i\u015faretleri al\u0131nt\u0131 yap\u0131ld\u0131\u011f\u0131nda,&nbsp;<strong>Healthica<\/strong>\u2019n\u0131n ad\u0131n\u0131n bu al\u0131nt\u0131da belirtilmesi zorunludur.&nbsp;<strong>Healthica<\/strong>&nbsp;bu Web Sitesinde yer alan \u00fc\u00e7\u00fcnc\u00fc taraf markalar\u0131nda hi\u00e7bir sahiplik hakk\u0131 veya yak\u0131nl\u0131k iddias\u0131nda de\u011fildir. Bunun gibi \u00fc\u00e7\u00fcnc\u00fc taraf markalar\u0131 sadece \u00fcr\u00fcn ve hizmetlerin as\u0131l sahiplerini belli etmek i\u00e7in kullan\u0131lm\u0131\u015f olup, bu markalar\u0131n kullan\u0131m\u0131ndan&nbsp;<strong>Healthica<\/strong>\u2019n\u0131n ad\u0131 ge\u00e7en markalara sponsorluk etti\u011fi veya bu markalar\u0131 onaylad\u0131\u011f\u0131 anla\u015f\u0131lmamal\u0131d\u0131r.<\/p>\n\n\n\n<p><strong>https:\/\/healthica.com.tr<\/strong>&nbsp;ve mikro sitelerde Online Hizmetler ve \u0130leti\u015fim Formlar\u0131 d\u0131\u015f\u0131nda bulunan t\u00fcm b\u00f6l\u00fcmleri ki\u015fisel bilgilerinizi vermeden diledi\u011finiz s\u0131kl\u0131kta ziyaret edebilir, gerekli a\u00e7\u0131klamalar\u0131 okuyabilir, \u015eirketimiz hakk\u0131nda daha detayl\u0131 bilgiye sahip olabilirsiniz. Online Hizmetler b\u00f6l\u00fcmlerimizi kullanabilmeniz i\u00e7in ki\u015fisel bilgilerinizi do\u011fru ve eksiksiz olarak doldurman\u0131z gerekmektedir.<\/p>\n\n\n\n<p><strong>https:\/\/healthica.com.tr<\/strong>&nbsp;sayfam\u0131za vermi\u015f oldu\u011funuz bilgiler hi\u00e7bir \u015fekilde \u00fc\u00e7\u00fcnc\u00fc \u015fah\u0131slar ile payla\u015f\u0131lmaz, vermi\u015f oldu\u011funuz bu bilgiler ilgili kurumun size daha k\u0131sa s\u00fcrede ula\u015fmas\u0131n\u0131 sa\u011flamak ve sizleri bilgilendirmek amac\u0131yla kullan\u0131lacakt\u0131r.<\/p>\n\n\n\n<p>Sitemizi her ziyaret etti\u011finizde isimsiz olarak IP adresiniz kay\u0131t alt\u0131na al\u0131nmaktad\u0131r.<\/p>\n\n\n\n<p>Bu sitede bulunan bilgi veya ifadelerin (tasar\u0131mlar, resimler, logo v.b. gibi) telif hakk\u0131&nbsp;<strong>Healthica<\/strong>\u2019ya aittir.&nbsp;<strong>Healthica<\/strong>\u2019n\u0131n izni olmaks\u0131z\u0131n hi\u00e7bir \u015fekilde kullan\u0131lamaz.<\/p>\n\n\n\n<p>Kullan\u0131c\u0131lar bilgi ve dok\u00fcmanlar\u0131 sadece bilgi edinmek amac\u0131yla kullanabilir. Burada mevcut olan bilgiler&nbsp;<strong>Healthica<\/strong>\u2019n\u0131n \u00f6nceden yaz\u0131l\u0131 izni al\u0131nmaks\u0131z\u0131n k\u0131smen veya tamamen kopya edilemez, da\u011f\u0131t\u0131lamaz, kiralanamaz, \u00e7o\u011falt\u0131lamaz alt lisansla kulland\u0131r\u0131lamaz, de\u011fi\u015ftirilemez, ileride kullan\u0131lmak \u00fczere saklanamaz, hi\u00e7bir \u015fekilde ticari ama\u00e7la kullan\u0131lamaz veya kulland\u0131r\u0131lamaz. Bu siteye eri\u015fim serbest ve anonimdir.<\/p>\n\n\n\n<h2 class=\"wp-block-heading\"><a><\/a><strong>\u00c7erez Nedir?<\/strong><\/h2>\n\n\n\n<p>\u00c7erezler (cookies) bir web sayfas\u0131n\u0131 ziyaret etti\u011finizde, bu web sitesi taraf\u0131ndan bilgisayar\u0131n\u0131z veya di\u011fer cihazlar\u0131n\u0131za depolanan metin dosyalar\u0131d\u0131r. \u00c7erezler arac\u0131l\u0131\u011f\u0131yla web sitelerini ziyaret etti\u011finiz s\u0131rada ger\u00e7ekle\u015ftirdi\u011finiz tercihler ve giri\u015f bilgileriniz gibi web sitesindeki kullan\u0131m tecr\u00fcbelerini geli\u015ftirecek bilgiler, web sitesine eri\u015fim i\u00e7in kulland\u0131\u011f\u0131n\u0131z web taray\u0131c\u0131s\u0131 taraf\u0131ndan saklanmaktad\u0131r.<\/p>\n\n\n\n<p>Veri Sahiplerinin giri\u015f yapt\u0131\u011f\u0131 siteden en verimli \u015fekilde faydalanabilmesi ve kullan\u0131c\u0131 deneyiminin geli\u015ftirilmesi i\u00e7in sitede \u00c7erezler kullan\u0131lmaktad\u0131r. \u00c7erez kullan\u0131lmas\u0131n\u0131 tercih etmezseniz taray\u0131c\u0131n\u0131z\u0131n ayarlar\u0131ndan \u00e7erezleri silebilir ya da engelleyebilirsiniz. Ancak siteyi kullan\u0131m\u0131n\u0131z\u0131 etkileyebilece\u011fini hat\u0131rlatmak isteriz.<\/p>\n\n\n\n<figure class=\"wp-block-table is-style-stripes\"><table><tbody><tr><td><strong>\u00c7erez T\u00fcr\u00fc<\/strong><\/td><td><strong>A\u00e7\u0131klama<\/strong><\/td><\/tr><tr><td><strong>Birincil \u00c7erezler<\/strong><\/td><td>&nbsp;Ziyaret edilen web sitesi taraf\u0131ndan yerle\u015ftirilen \u00e7erezlerdir.<\/td><\/tr><tr><td><strong>\u00dc\u00e7\u00fcnc\u00fc Taraf \u00c7erezleri<\/strong><\/td><td>&nbsp;Ziyaret etti\u011finiz web sitesi haricindeki siteler taraf\u0131ndan olu\u015fturulur. Bu siteler, ziyaret etti\u011finiz web sayfas\u0131nda g\u00f6rd\u00fc\u011f\u00fcn\u00fcz reklam veya resim gibi i\u00e7eri\u011fin bir k\u0131sm\u0131na sahiptir.<\/td><\/tr><tr><td><strong>Zorunlu \u00c7erezler<\/strong><\/td><td>&nbsp;\u0130nternet sitelerini kullanabilmeniz ve bu sitelerde gezinti yapabilmeniz i\u00e7in kullan\u0131lmas\u0131 zorunlu olan \u00e7erezlerdir.<\/td><\/tr><tr><td><strong>Oturum \u00c7erezleri<\/strong><\/td><td>&nbsp;Ziyaret edilen web sitesinde sayfalar aras\u0131nda ger\u00e7ekle\u015ftirilen gezintiler s\u0131ras\u0131nda yap\u0131lan i\u015flemlerin takibinin sa\u011flanabilmesi i\u00e7in kullan\u0131lmaktad\u0131r. Bu tip \u00e7erezler taray\u0131c\u0131n\u0131z\u0131 kapaman\u0131z halinde kendili\u011finden silinecekken, ge\u00e7ici ve kal\u0131c\u0131 \u00e7erezler taraf\u0131n\u0131zca manuel olarak yahut taray\u0131c\u0131n\u0131z taraf\u0131ndan ge\u00e7ici \u00e7erez dosyalar\u0131ndaki periyotlarla silininceye kadar saklanacakt\u0131r.<\/td><\/tr><tr><td><strong>\u0130\u015flevsellik \u00c7erezleri<\/strong><\/td><td>&nbsp;Bu tip \u00e7erezler, web sitesindeki gezintiniz s\u00fcresince yapm\u0131\u015f oldu\u011funu tercihlerin ilgili web sitesi taraf\u0131ndan hat\u0131rlanmas\u0131n\u0131 sa\u011flamak amac\u0131yla kullan\u0131lmaktad\u0131r. Bu yolla ziyaret\u00e7ilerin kullan\u0131mlar\u0131 kolayla\u015ft\u0131r\u0131larak, \u00f6zelle\u015ftirilmi\u015f ve geli\u015ftirilmi\u015f bir web sitesi hizmeti sa\u011flanm\u0131\u015f olur.<\/td><\/tr><tr><td><strong>Performans \u00c7erezleri<\/strong><\/td><td>&nbsp;Web sitesini ziyaret edenlerin say\u0131s\u0131, web sitesinin ne s\u0131kl\u0131kla ziyaret edildi\u011fi, olu\u015fan hata iletileri ve sair bilgiler toplan\u0131r. Bu t\u00fcr \u00e7erezler ilgili web sitesinin performans\u0131n\u0131 art\u0131rmak i\u00e7in kullan\u0131l\u0131r.<\/td><\/tr><tr><td><strong>Hedefleme\/Reklam<\/strong><\/td><td>&nbsp;\u00c7erezleri Kullan\u0131c\u0131lara web sitesi \u00fczerinden sunulan reklamlar\u0131n \u00f6zelle\u015ftirilmesi amac\u0131yla kullan\u0131lmaktad\u0131r.<\/td><\/tr><\/tbody><\/table><\/figure>\n\n\n\n<h2 class=\"wp-block-heading\"><a><\/a><strong>\u00c7erezlerin Kullan\u0131m Nedenleri Nelerdir?<\/strong><\/h2>\n\n\n\n<p>Web sitemizde kullan\u0131lan \u00e7erezler yaln\u0131zca a\u015fa\u011f\u0131da belirtilen ama\u00e7larla kullan\u0131lmakta olup, web sitemizi ziyaret eden ki\u015filerin internet kullan\u0131mlar\u0131n\u0131n tespit edilmesi veya ziyaret\u00e7i profillerinin olu\u015fturulmas\u0131 ama\u00e7lar\u0131yla kullan\u0131lmamaktad\u0131r.<\/p>\n\n\n\n<p>Bu do\u011frultuda web sitemizde yer alan \u00e7erezler;<\/p>\n\n\n\n<p>1. Kullan\u0131c\u0131lar\u0131n ay\u0131rt edilmesiyle, kullan\u0131c\u0131 tercihlerine (dil se\u00e7iminin hat\u0131rlanmas\u0131, kullan\u0131c\u0131 konumuna g\u00f6re hizmet sunulmas\u0131 vb.) uygun \u015fekilde hizmet sunularak web sitemizin kullan\u0131m\u0131n\u0131 kolayla\u015ft\u0131rmak,<\/p>\n\n\n\n<p>2. Web sitemizin kullan\u0131lmas\u0131 s\u0131ras\u0131nda kar\u015f\u0131la\u015f\u0131lan eksikliklerin ve olu\u015fan hatalar\u0131n tespit edilmesiyle, web sitemizin geli\u015ftirilmesi,<\/p>\n\n\n\n<p>3. Web sitemizin d\u00fczg\u00fcn \u015fekilde kullan\u0131lmas\u0131n\u0131 sa\u011flamak ama\u00e7lar\u0131yla kullan\u0131lmaktad\u0131r.<\/p>\n\n\n\n<p>4. \u0130nternet sitesinin i\u015flevselli\u011fini ve performans\u0131n\u0131 artt\u0131rmak yoluyla sizlere sunulan hizmetleri geli\u015ftirmek,<\/p>\n\n\n\n<p>5. \u0130nternet Sitesini iyile\u015ftirmek ve \u0130nternet Sitesi \u00fczerinden yeni \u00f6zellikler sunmak ve sunulan \u00f6zellikleri sizlerin tercihlerine g\u00f6re ki\u015fiselle\u015ftirmek;<\/p>\n\n\n\n<p>6. \u0130nternet Sitesinin, sizin ve \u015eirketimizin hukuki ve ticari g\u00fcvenli\u011finin teminini sa\u011flamak.<\/p>\n\n\n\n<p>\u00c7erezler konusundan daha detayl\u0131 bilgi i\u00e7in&nbsp;<a href=\"http:\/\/www.aboutcookies.org\/\">www.aboutcookies.org<\/a>&nbsp;adresini ziyaret edebilirisiniz.<\/p>\n\n\n\n<p>Web sitemizde kullan\u0131lan \u00e7erezler yaln\u0131zca bu ama\u00e7larla kullan\u0131lmakta olup, \u00e7erezler arac\u0131l\u0131\u011f\u0131yla i\u015flenen ki\u015fisel verilerinize ili\u015fkin olarak&nbsp;<strong>Healthica&nbsp;<\/strong>Ki\u015fisel Verilerin korunmas\u0131 ve \u0130\u015flenmesi Hakk\u0131nda Politika metnini okuyabilirsiniz.<a><\/a><\/p>\n\n\n\n<h2 class=\"wp-block-heading\"><a><\/a><strong>\u00c7erezlerin Y\u00f6netimi<\/strong><\/h2>\n\n\n\n<p>Genel olarak web taray\u0131c\u0131lar\u0131 otomatik olarak \u00e7erezleri kabul edecek \u015fekilde \u00e7al\u0131\u015fmaktad\u0131r. Kullanmakta oldu\u011funuz web taray\u0131c\u0131n\u0131za ba\u011fl\u0131 olarak; web sitelerini ziyaret etti\u011finizde kullan\u0131lan \u00e7erezler hakk\u0131nda bunlar\u0131n kabul edilmesinden \u00f6nce uyar\u0131 verilmesi, b\u00fct\u00fcn \u00e7erezlerin engellenmesi ve sair hususlarda de\u011fi\u015fiklikler yapabilirsiniz.<\/p>\n\n\n\n<p>Web sitemizi farkl\u0131 cihazlardan ziyaret ediyorsan\u0131z, her bir cihaz kapsam\u0131nda taray\u0131c\u0131 ayarlar\u0131n\u0131 de\u011fi\u015ftirmeniz gerekmektedir.<\/p>\n\n\n\n<p>Web sitemizde kullan\u0131lan \u00e7erezleri engellemeniz halinde web sitemizden al\u0131nan verimin d\u00fc\u015fece\u011fini ve web sitemizin d\u00fczg\u00fcn \u00e7al\u0131\u015fmayabilece\u011fini bilgilerinize sunar\u0131z.<\/p>\n\n\n\n<p>\u00b7&nbsp;\u00c7erezler hakk\u0131nda daha detayl\u0131 bilgi i\u00e7in a\u015fa\u011f\u0131daki internet sitesini inceleyebilirsiniz:&nbsp;<a href=\"http:\/\/www.aboutcookies.org\/\">www.aboutcookies.org<\/a><\/p>\n\n\n\n<p>\u00b7&nbsp;\u0130nternet taray\u0131c\u0131lar\u0131ndaki \u00e7erez ayarlar\u0131 hakk\u0131nda daha detayl\u0131 bilgi i\u00e7in a\u015fa\u011f\u0131da belirtilen linkleri inceleyebilirsiniz.<\/p>\n\n\n\n<p>\u00b7&nbsp;Google Chrome i\u00e7in:<\/p>\n\n\n\n<p>\u00b7&nbsp;<a href=\"https:\/\/support.google.com\/chrome\/answer\/95647?co=GENIE.Platform=Desktop&amp;hl=tr\">https:\/\/support.google.com\/chrome\/answer\/95647?co=GENIE.Platform%3DDesktop&amp;hl=tr<\/a><\/p>\n\n\n\n<p>\u00b7&nbsp;Mozilla Firefox i\u00e7in:<\/p>\n\n\n\n<p>\u00b7&nbsp;<a href=\"https:\/\/support.mozilla.org\/tr\/kb\/cerezleri-silme-web-sitelerinin-bilgilerini-kaldirma\">https:\/\/support.mozilla.org\/tr\/kb\/cerezleri-silme-web-sitelerinin-bilgilerini-kaldirma<\/a>&nbsp;Microsoft \u0130nternet Explorer i\u00e7in:<\/p>\n\n\n\n<p>\u00b7&nbsp;<a href=\"https:\/\/support.microsoft.com\/tr-tr\/help\/17442\/windows-internet-explorer-delete-manage-cookies\">https:\/\/support.microsoft.com\/tr-tr\/help\/17442\/windows-internet-explorer-delete-manage-cookies<\/a><\/p>\n\n\n\n<h2 class=\"wp-block-heading\"><a><\/a><strong>\u00c7erezlerin Kullan\u0131m\u0131 Veri Sahipleri Taraf\u0131ndan Engellenebilir mi?<\/strong><\/h2>\n\n\n\n<p>Veri sahipleri, taray\u0131c\u0131 ayarlar\u0131n\u0131 de\u011fi\u015ftirerek \u00e7erezlere ili\u015fkin tercihlerini ki\u015fiselle\u015ftirme imkan\u0131na sahiptir. E\u011fer kullan\u0131lan taray\u0131c\u0131 bu imk\u00e2n\u0131 sunmaktaysa, taray\u0131c\u0131 ayarlar\u0131 \u00fczerinden \u00c7erezlere ili\u015fkin tercihleri de\u011fi\u015ftirmek m\u00fcmk\u00fcnd\u00fcr. B\u00f6ylelikle, taray\u0131c\u0131n\u0131n sunmu\u015f oldu\u011fu imkanlara g\u00f6re farkl\u0131l\u0131k g\u00f6sterebilmekle birlikte, veri sahiplerinin \u00e7erezlerin kullan\u0131lmas\u0131n\u0131 engelleme, \u00e7erez kullan\u0131lmadan \u00f6nce uyar\u0131 almay\u0131 tercih etme veya sadece baz\u0131 \u00c7erezleri devre b\u0131rakma ya da silme imkanlar\u0131 bulunmaktad\u0131r.<\/p>\n\n\n\n<p>\u00c7erezlere ili\u015fkin tercihlerin, kullan\u0131c\u0131n\u0131n siteye eri\u015fim sa\u011flad\u0131\u011f\u0131 her bir cihaz \u00f6zelinde ayr\u0131 ayr\u0131 yap\u0131lmas\u0131 gerekebilecektir.<\/p>\n\n\n\n<figure class=\"wp-block-table is-style-stripes\"><table><tbody><tr><td><strong>Yaz\u0131l\u0131m<\/strong><\/td><td><strong>Ba\u011flant\u0131<\/strong><\/td><\/tr><tr><td>Adobe Analytics<\/td><td><strong><a href=\"http:\/\/www.adobe.com\/uk\/privacy\/opt-out.html\"><strong>http:\/\/www.adobe.com\/uk\/privacy\/opt-out.html<\/strong><\/a><\/strong><\/td><\/tr><tr><td>AOL<\/td><td><strong><a href=\"https:\/\/help.aol.com\/articles\/restore-security-settings-and-enable-cookie-settings-on-browser\"><strong>https:\/\/help.aol.com\/articles\/restore-security-settings-and-enable-cookie-settings-on-browser<\/strong><\/a><\/strong><\/td><\/tr><tr><td>Google Adwords<\/td><td><strong><a href=\"https:\/\/support.google.com\/ads\/answer\/2662922?hl=en\"><strong>https:\/\/support.google.com\/ads\/answer\/2662922?hl=en<\/strong><\/a><\/strong><\/td><\/tr><tr><td>Google Analytics<\/td><td><strong><a href=\"https:\/\/tools.google.com\/dlpage\/gaoptout\"><strong>https:\/\/tools.google.com\/dlpage\/gaoptout<\/strong><\/a><\/strong><\/td><\/tr><tr><td>Google Chrome<\/td><td><strong><a href=\"http:\/\/www.google.com\/support\/chrome\/bin\/answer.py?hl=en&amp;answer=95647\"><strong>http:\/\/www.google.com\/support\/chrome\/bin\/answer.py?hl=en&amp;answer=95647<\/strong><\/a><\/strong><\/td><\/tr><tr><td>Internet Explorer<\/td><td><strong><a href=\"https:\/\/support.microsoft.com\/en-us\/help\/17442\/windows-internet-explorer-delete-manage-cookies\"><strong>https:\/\/support.microsoft.com\/en-us\/help\/17442\/windows-internet-explorer-delete-manage-cookies<\/strong><\/a><\/strong><\/td><\/tr><tr><td>MozillaFirefox<\/td><td><strong><a href=\"http:\/\/support.mozilla.com\/en-US\/kb\/Cookies\"><strong>http:\/\/support.mozilla.com\/en-US\/kb\/Cookies<\/strong><\/a><\/strong><\/td><\/tr><tr><td>Opera<\/td><td><strong><a href=\"http:\/\/www.opera.com\/browser\/tutorials\/security\/privacy\/\"><strong>http:\/\/www.opera.com\/browser\/tutorials\/security\/privacy\/<\/strong><\/a><\/strong><\/td><\/tr><tr><td>Safari<\/td><td><strong><a href=\"https:\/\/support.apple.com\/kb\/ph19214?locale=tr_TR\"><strong>https:\/\/support.apple.com\/kb\/ph19214?locale=tr_TR<\/strong><\/a><\/strong><\/td><\/tr><\/tbody><\/table><\/figure>\n\n\n\n<h2 class=\"wp-block-heading\"><strong>Web Sitesine Girenlere Uyar\u0131 Metni<\/strong><\/h2>\n\n\n\n<p>\u0130nternet sitemizde \u00e7erez kullan\u0131lmaktad\u0131r. \u00c7erezler hakk\u0131nda detayl\u0131 bilgi i\u00e7in Gizlilik ve \u00c7erez Politikas\u0131\u2019n\u0131 inceleyiniz. Devam etmeniz halinde \u00e7erez kullan\u0131m\u0131na izin verdi\u011finizi kabul edece\u011fiz.&nbsp;Tamam Detaylar<\/p>\n\n\n\n<p>Bu metin, web sitesine ilk defa girenlere sitenin en alt\u0131nda bir ku\u015fak olarak g\u00f6sterilecek ve Tamam d\u00fc\u011fmesine bast\u0131\u011f\u0131 anda kaybolacakt\u0131r. Bu i\u015flem, \u00e7erezlerin kullan\u0131m\u0131na izin verdi\u011fini kabul etmesi anlam\u0131na gelmektedir. E\u011fer siteye giren ziyaret\u00e7i ne t\u00fcr \u00e7erezlerin kullan\u0131ld\u0131\u011f\u0131n\u0131n detaylar\u0131n\u0131 g\u00f6rmek istiyorsa, Detaylar d\u00fc\u011fmesini t\u0131klad\u0131\u011f\u0131nda okumas\u0131 i\u00e7in i\u015fbu Gizlilik ve \u00c7erez Politikas\u0131na y\u00f6nlendirilecektir.<\/p>\n\n\n\n<h2 class=\"wp-block-heading\"><a><\/a><strong>Gizlilik ve \u00c7erez Politikas\u0131ndaki De\u011fi\u015fiklikler<\/strong><\/h2>\n\n\n\n<p><strong>Healthica<\/strong>, i\u015fbu Gizlilik ve \u00c7erez Politikas\u0131 h\u00fck\u00fcmlerini diledi\u011fi zaman de\u011fi\u015ftirebilir. G\u00fcncel Gizlilik ve \u00c7erez Politikas\u0131, Veri Sahibine herhangi bir y\u00f6ntemle sunuldu\u011fu tarihte y\u00fcr\u00fcrl\u00fck kazan\u0131r.<\/p>\n","protected":false},"excerpt":{"rendered":"<p>G\u0130ZL\u0130L\u0130K VE \u00c7EREZ POL\u0130T\u0130KASI Bu Gizlilik ve \u00c7erez Politikas\u0131, \u201cHealthica T\u0131bbi Sistemler San. ve Tic. A.\u015e. (\u201cHealthica\u201d) Fahrettin Kerim G\u00f6kay Cad. K\u00f6\u015fkl\u00fc Apt. No:60\/5 Feneryolu, Kad\u0131k\u00f6y\/\u0130stanbul\u201d taraf\u0131ndan y\u00f6netilen\u00a0https:\/\/healthica.com.tr\u00a0adresli web sitesinde kullan\u0131lmakta olan \u00e7erezlere ili\u015fkin olarak, web sitesi ziyaret\u00e7ilerinin bilgilendirilmesi amac\u0131yla haz\u0131rlanm\u0131\u015ft\u0131r. Gizlilik Politikas\u0131 ve Kullan\u0131m \u015eartlar\u0131 Healthica&nbsp;siteye bildirilen isim, adres ve sair \u015fahsi bilgileri yasal<\/p>\n","protected":false},"author":1,"featured_media":0,"parent":0,"menu_order":0,"comment_status":"closed","ping_status":"closed","template":"","meta":{"inline_featured_image":false,"footnotes":""},"lang":"tr","translations":{"tr":3,"en":12741},"pll_sync_post":[],"_links":{"self":[{"href":"https:\/\/healthica.com.tr\/index.php?rest_route=\/wp\/v2\/pages\/3"}],"collection":[{"href":"https:\/\/healthica.com.tr\/index.php?rest_route=\/wp\/v2\/pages"}],"about":[{"href":"https:\/\/healthica.com.tr\/index.php?rest_route=\/wp\/v2\/types\/page"}],"author":[{"embeddable":true,"href":"https:\/\/healthica.com.tr\/index.php?rest_route=\/wp\/v2\/users\/1"}],"replies":[{"embeddable":true,"href":"https:\/\/healthica.com.tr\/index.php?rest_route=%2Fwp%2Fv2%2Fcomments&post=3"}],"version-history":[{"count":0,"href":"https:\/\/healthica.com.tr\/index.php?rest_route=\/wp\/v2\/pages\/3\/revisions"}],"wp:attachment":[{"href":"https:\/\/healthica.com.tr\/index.php?rest_route=%2Fwp%2Fv2%2Fmedia&parent=3"}],"curies":[{"name":"wp","href":"https:\/\/api.w.org\/{rel}","templated":true}]}}