{"id":12470,"date":"2022-02-19T16:21:21","date_gmt":"2022-02-19T13:21:21","guid":{"rendered":"https:\/\/healthica.com.tr\/?page_id=12470"},"modified":"2022-02-19T16:21:23","modified_gmt":"2022-02-19T13:21:23","slug":"our-services","status":"publish","type":"page","link":"https:\/\/healthica.com.tr\/?page_id=12470&lang=en","title":{"rendered":"Our Services"},"content":{"rendered":"\t\t<div data-elementor-type=\"wp-page\" data-elementor-id=\"12470\" class=\"elementor elementor-12470\">\n\t\t\t\t\t\t<section class=\"elementor-section elementor-top-section elementor-element elementor-element-07ca02a elementor-section-boxed elementor-section-height-default elementor-section-height-default\" data-id=\"07ca02a\" data-element_type=\"section\">\n\t\t\t\t\t\t<div class=\"elementor-container elementor-column-gap-default\">\n\t\t\t\t\t<div class=\"elementor-column elementor-col-100 elementor-top-column elementor-element elementor-element-07ca462\" data-id=\"07ca462\" data-element_type=\"column\">\n\t\t\t<div class=\"elementor-widget-wrap elementor-element-populated\">\n\t\t\t\t\t\t<div class=\"elementor-element elementor-element-fa3ab44 elementor-widget elementor-widget-vc_custom_heading\" data-id=\"fa3ab44\" data-element_type=\"widget\" data-widget_type=\"vc_custom_heading.default\">\n\t\t\t\t<div class=\"elementor-widget-container\">\n\t\t\t<div class=\" vc_custom_heading  consulting_heading_font  text_align_left\" ><h1 style=\"text-align: left\" class=\"consulting-custom-title\">Our Services<\/h1><\/div>\t\t<\/div>\n\t\t\t\t<\/div>\n\t\t\t\t<div class=\"elementor-element elementor-element-07ca794 elementor-widget elementor-widget-stm_services\" data-id=\"07ca794\" data-element_type=\"widget\" data-widget_type=\"stm_services.default\">\n\t\t\t\t<div class=\"elementor-widget-container\">\n\t\t\t\n    <div class=\"stm_services consulting_elementor_services style_6 cols_3\">\n                                <div class=\"item\">\n                <div class=\"item_wr\">\n                                            \n                        <div class=\"item_thumbnail\">\n                            <a href=\"https:\/\/healthica.com.tr\/?stm_service=periodic-maintenance-and-repair&#038;lang=en\">\n                                <img src='https:\/\/healthica.com.tr\/wp-content\/uploads\/elementor\/thumbs\/healthica-bakim-ve-onarim-pjhuks6lm92ozpsafuwqm8n2dc3j89v7nrudu33w94.png' alt='Periyodik Bak\u0131m ve Onar\u0131m' \/>                            <\/a>\n                                                    <\/div>\n                                                            <div class=\"content\" >\n                                                                            <h5>\n                                <a href=\"https:\/\/healthica.com.tr\/?stm_service=periodic-maintenance-and-repair&#038;lang=en\"\n                                                                       class=\"text_decoration_none secondary_font_color_hv\">Periodic Maintenance and Repair<\/a>\n                            <\/h5>\n                                                                            <p>Take advantage of our service experience with imaging devices.We offer you the most suitable solutions for your needs.<\/p>\n                                                                            <a class=\"read_more\"\n                               href=\"https:\/\/healthica.com.tr\/?stm_service=periodic-maintenance-and-repair&#038;lang=en\" >\n                                <span>detaylar<\/span>\n                                <i class=\" fa fa-chevron-right stm_icon\"><\/i>\n                            <\/a>\n                                            <\/div>\n                <\/div>\n            <\/div>\n                                <div class=\"item\">\n                <div class=\"item_wr\">\n                                            \n                        <div class=\"item_thumbnail\">\n                            <a href=\"https:\/\/healthica.com.tr\/?stm_service=service-procurement-and-revenue-sharing&#038;lang=en\">\n                                <img src='https:\/\/healthica.com.tr\/wp-content\/uploads\/elementor\/thumbs\/healthica-hizmet-alimi-ve-gelir-paylasim-projeleri-pjhqb7bwyqu41cv98h167zts8x2jkm61vmkd0itkw8.png' alt='Hizmet Al\u0131m\u0131 ve Gelir Payla\u015f\u0131m Projeleri' \/>                            <\/a>\n                                                    <\/div>\n                                                            <div class=\"content\" >\n                                                                            <h5>\n                                <a href=\"https:\/\/healthica.com.tr\/?stm_service=service-procurement-and-revenue-sharing&#038;lang=en\"\n                                                                       class=\"text_decoration_none secondary_font_color_hv\">Service Procurement and Revenue Sharing<\/a>\n                            <\/h5>\n                                                                            <p>We provide solutions in terms of financing, while minimizing device operating costs, and making it possible for the masses to access sustainable health technologies.<\/p>\n                                                                            <a class=\"read_more\"\n                               href=\"https:\/\/healthica.com.tr\/?stm_service=service-procurement-and-revenue-sharing&#038;lang=en\" >\n                                <span>detaylar<\/span>\n                                <i class=\" fa fa-chevron-right stm_icon\"><\/i>\n                            <\/a>\n                                            <\/div>\n                <\/div>\n            <\/div>\n                                <div class=\"item\">\n                <div class=\"item_wr\">\n                                            \n                        <div class=\"item_thumbnail\">\n                            <a href=\"https:\/\/healthica.com.tr\/?stm_service=x-ray-tubes&#038;lang=en\">\n                                <img src='https:\/\/healthica.com.tr\/wp-content\/uploads\/elementor\/thumbs\/healthica-x-isin-tupleri-cover-pjhxtlkiz0zjv43qbcplhrfc38bpu3mb1ykqy1wiyw.png' alt='X-I\u015f\u0131n T\u00fcpleri' \/>                            <\/a>\n                                                    <\/div>\n                                                            <div class=\"content\" >\n                                                                            <h5>\n                                <a href=\"https:\/\/healthica.com.tr\/?stm_service=x-ray-tubes&#038;lang=en\"\n                                                                       class=\"text_decoration_none secondary_font_color_hv\">X-Ray Tubes<\/a>\n                            <\/h5>\n                                                                            <p>We provide \u201ccost-effective\u201d X-Ray Tube solutions for CT, Cath Lab\/Angio, Radiography, Fluoroscopy and Mammography devices.<\/p>\n                                                                            <a class=\"read_more\"\n                               href=\"https:\/\/healthica.com.tr\/?stm_service=x-ray-tubes&#038;lang=en\" >\n                                <span>detaylar<\/span>\n                                <i class=\" fa fa-chevron-right stm_icon\"><\/i>\n                            <\/a>\n                                            <\/div>\n                <\/div>\n            <\/div>\n                                <div class=\"item\">\n                <div class=\"item_wr\">\n                                            \n                        <div class=\"item_thumbnail\">\n                            <a href=\"https:\/\/healthica.com.tr\/?stm_service=spare-parts&#038;lang=en\">\n                                <img src='https:\/\/healthica.com.tr\/wp-content\/uploads\/elementor\/thumbs\/healthica-yedek-parca-pjhzz4bcm53vddi0nd0xmp6vs88hngdddnhcskynt4.png' alt='Healthica Yedek Par\u00e7a' \/>                            <\/a>\n                                                    <\/div>\n                                                            <div class=\"content\" >\n                                                                            <h5>\n                                <a href=\"https:\/\/healthica.com.tr\/?stm_service=spare-parts&#038;lang=en\"\n                                                                       class=\"text_decoration_none secondary_font_color_hv\">Spare Parts<\/a>\n                            <\/h5>\n                                                                            <p>We shorten the spare part waiting times of your down systems with our critical spare parts inventory in our Istanbul and Ankara warehouses!<\/p>\n                                                                            <a class=\"read_more\"\n                               href=\"https:\/\/healthica.com.tr\/?stm_service=spare-parts&#038;lang=en\" >\n                                <span>detaylar<\/span>\n                                <i class=\" fa fa-chevron-right stm_icon\"><\/i>\n                            <\/a>\n                                            <\/div>\n                <\/div>\n            <\/div>\n                                <div class=\"item\">\n                <div class=\"item_wr\">\n                                            \n                        <div class=\"item_thumbnail\">\n                            <a href=\"https:\/\/healthica.com.tr\/?stm_service=cryogenic-equipment-and-liquid-helium&#038;lang=en\">\n                                <img src='https:\/\/healthica.com.tr\/wp-content\/uploads\/elementor\/thumbs\/healthica-mri-helium-refill-pji2k79zeij338ak43hx1pl5ivg0wewgid7co0y5mw.png' alt='MRI Helyum Dolumu' \/>                            <\/a>\n                                                    <\/div>\n                                                            <div class=\"content\" >\n                                                                            <h5>\n                                <a href=\"https:\/\/healthica.com.tr\/?stm_service=cryogenic-equipment-and-liquid-helium&#038;lang=en\"\n                                                                       class=\"text_decoration_none secondary_font_color_hv\">Cryogenic Equipment and Liquid Helium<\/a>\n                            <\/h5>\n                                                                            <p>We can supply the cryogenic parts of your MR devices and provide a just-in-time filling service at affordable prices for liquid helium needs.<\/p>\n                                                                            <a class=\"read_more\"\n                               href=\"https:\/\/healthica.com.tr\/?stm_service=cryogenic-equipment-and-liquid-helium&#038;lang=en\" >\n                                <span>detaylar<\/span>\n                                <i class=\" fa fa-chevron-right stm_icon\"><\/i>\n                            <\/a>\n                                            <\/div>\n                <\/div>\n            <\/div>\n                                <div class=\"item\">\n                <div class=\"item_wr\">\n                                            \n                        <div class=\"item_thumbnail\">\n                            <a href=\"https:\/\/healthica.com.tr\/?stm_service=mr-coils&#038;lang=en\">\n                                <img src='https:\/\/healthica.com.tr\/wp-content\/uploads\/elementor\/thumbs\/healthica-mri-head-coil-pji39i3lcz5xldjjdj7entqt58qp34cczlcup5fo5k.png' alt='MR Koilleri' \/>                            <\/a>\n                                                    <\/div>\n                                                            <div class=\"content\" >\n                                                                            <h5>\n                                <a href=\"https:\/\/healthica.com.tr\/?stm_service=mr-coils&#038;lang=en\"\n                                                                       class=\"text_decoration_none secondary_font_color_hv\">MR Coils<\/a>\n                            <\/h5>\n                                                                            <p>Share your coil needs with us and you will have the chance to meet your needs by taking advantage of the discounts included in our campaign.<\/p>\n                                                                            <a class=\"read_more\"\n                               href=\"https:\/\/healthica.com.tr\/?stm_service=mr-coils&#038;lang=en\" >\n                                <span>detaylar<\/span>\n                                <i class=\" fa fa-chevron-right stm_icon\"><\/i>\n                            <\/a>\n                                            <\/div>\n                <\/div>\n            <\/div>\n                                <div class=\"item\">\n                <div class=\"item_wr\">\n                                            \n                        <div class=\"item_thumbnail\">\n                            <a href=\"https:\/\/healthica.com.tr\/?stm_service=periyodik-bakim-ve-onarim\">\n                                <img src='https:\/\/healthica.com.tr\/wp-content\/uploads\/elementor\/thumbs\/healthica-bakim-ve-onarim-pjhuks6lm92ozpsafuwqm8n2dc3j89v7nrudu33w94.png' alt='Periyodik Bak\u0131m ve Onar\u0131m' \/>                            <\/a>\n                                                    <\/div>\n                                                            <div class=\"content\" >\n                                                                            <h5>\n                                <a href=\"https:\/\/healthica.com.tr\/?stm_service=periyodik-bakim-ve-onarim\"\n                                                                       class=\"text_decoration_none secondary_font_color_hv\">Periyodik Bak\u0131m ve Onar\u0131m<\/a>\n                            <\/h5>\n                                                                            <p>G\u00f6r\u00fcnt\u00fcleme cihazlar\u0131 konusundaki hizmet tecr\u00fcbemizden yararlan\u0131n. \u0130htiya\u00e7lar\u0131n\u0131za en uygun \u00e7\u00f6z\u00fcmleri size \u00f6zel \u015fekilde sunuyoruz.<\/p>\n                                                                            <a class=\"read_more\"\n                               href=\"https:\/\/healthica.com.tr\/?stm_service=periyodik-bakim-ve-onarim\" >\n                                <span>detaylar<\/span>\n                                <i class=\" fa fa-chevron-right stm_icon\"><\/i>\n                            <\/a>\n                                            <\/div>\n                <\/div>\n            <\/div>\n                                <div class=\"item\">\n                <div class=\"item_wr\">\n                                            \n                        <div class=\"item_thumbnail\">\n                            <a href=\"https:\/\/healthica.com.tr\/?stm_service=hizmet-alimi-ve-gelir-paylasimi\">\n                                <img src='https:\/\/healthica.com.tr\/wp-content\/uploads\/elementor\/thumbs\/healthica-hizmet-alimi-ve-gelir-paylasim-projeleri-pjhqb7bwyqu41cv98h167zts8x2jkm61vmkd0itkw8.png' alt='Hizmet Al\u0131m\u0131 ve Gelir Payla\u015f\u0131m Projeleri' \/>                            <\/a>\n                                                    <\/div>\n                                                            <div class=\"content\" >\n                                                                            <h5>\n                                <a href=\"https:\/\/healthica.com.tr\/?stm_service=hizmet-alimi-ve-gelir-paylasimi\"\n                                                                       class=\"text_decoration_none secondary_font_color_hv\">Hizmet Al\u0131m\u0131 ve Gelir Payla\u015f\u0131m\u0131<\/a>\n                            <\/h5>\n                                                                            <p>Finansman konusunda \u00e7\u00f6z\u00fcmler sunarken, cihaz i\u015fletim maliyetlerini minimize ederek, s\u00fcrd\u00fcr\u00fclebilir sa\u011fl\u0131k teknolojilerine kitlelerin ula\u015f\u0131m\u0131n\u0131 m\u00fcmk\u00fcn hale getiriyoruz. <\/p>\n                                                                            <a class=\"read_more\"\n                               href=\"https:\/\/healthica.com.tr\/?stm_service=hizmet-alimi-ve-gelir-paylasimi\" >\n                                <span>detaylar<\/span>\n                                <i class=\" fa fa-chevron-right stm_icon\"><\/i>\n                            <\/a>\n                                            <\/div>\n                <\/div>\n            <\/div>\n                                <div class=\"item\">\n                <div class=\"item_wr\">\n                                            \n                        <div class=\"item_thumbnail\">\n                            <a href=\"https:\/\/healthica.com.tr\/?stm_service=x-isin-tupleri\">\n                                <img src='https:\/\/healthica.com.tr\/wp-content\/uploads\/elementor\/thumbs\/healthica-x-isin-tupleri-cover-pjhxtlkiz0zjv43qbcplhrfc38bpu3mb1ykqy1wiyw.png' alt='X-I\u015f\u0131n T\u00fcpleri' \/>                            <\/a>\n                                                    <\/div>\n                                                            <div class=\"content\" >\n                                                                            <h5>\n                                <a href=\"https:\/\/healthica.com.tr\/?stm_service=x-isin-tupleri\"\n                                                                       class=\"text_decoration_none secondary_font_color_hv\">X-I\u015f\u0131n T\u00fcpleri<\/a>\n                            <\/h5>\n                                                                            <p>Varex marka X-Ray t\u00fcplerinin T\u00fcrkiye ve Orta Asya temsilcisi olarak; Bilgisayarl\u0131 Tomografi, Cath Lab\/Anjio, Radyografi, Floroskopi ve Mamografi cihazlar\u0131nda &#8220;maliyet etkinli\u011fi&#8221; sa\u011flayan  X-I\u015f\u0131nl\u0131 T\u00fcp \u00e7\u00f6z\u00fcmleri sunmaktay\u0131z.<\/p>\n                                                                            <a class=\"read_more\"\n                               href=\"https:\/\/healthica.com.tr\/?stm_service=x-isin-tupleri\" >\n                                <span>detaylar<\/span>\n                                <i class=\" fa fa-chevron-right stm_icon\"><\/i>\n                            <\/a>\n                                            <\/div>\n                <\/div>\n            <\/div>\n                                <div class=\"item\">\n                <div class=\"item_wr\">\n                                            \n                        <div class=\"item_thumbnail\">\n                            <a href=\"https:\/\/healthica.com.tr\/?stm_service=yedek-parca\">\n                                <img src='https:\/\/healthica.com.tr\/wp-content\/uploads\/elementor\/thumbs\/healthica-yedek-parca-pjhzz4bcm53vddi0nd0xmp6vs88hngdddnhcskynt4.png' alt='Healthica Yedek Par\u00e7a' \/>                            <\/a>\n                                                    <\/div>\n                                                            <div class=\"content\" >\n                                                                            <h5>\n                                <a href=\"https:\/\/healthica.com.tr\/?stm_service=yedek-parca\"\n                                                                       class=\"text_decoration_none secondary_font_color_hv\">Yedek Par\u00e7a<\/a>\n                            <\/h5>\n                                                                            <p>\u0130stanbul ve Ankara depolar\u0131m\u0131zdaki, kritik yedek par\u00e7a envanterimizle ar\u0131zal\u0131 cihazlar\u0131n\u0131z\u0131n yedek par\u00e7a bekleme s\u00fcrelerini k\u0131salt\u0131yoruz! <\/p>\n                                                                            <a class=\"read_more\"\n                               href=\"https:\/\/healthica.com.tr\/?stm_service=yedek-parca\" >\n                                <span>detaylar<\/span>\n                                <i class=\" fa fa-chevron-right stm_icon\"><\/i>\n                            <\/a>\n                                            <\/div>\n                <\/div>\n            <\/div>\n                                <div class=\"item\">\n                <div class=\"item_wr\">\n                                            \n                        <div class=\"item_thumbnail\">\n                            <a href=\"https:\/\/healthica.com.tr\/?stm_service=kriyojenik-ekipmanlar-ve-sivi-helyum\">\n                                <img src='https:\/\/healthica.com.tr\/wp-content\/uploads\/elementor\/thumbs\/healthica-mri-helium-refill-pji2k79zeij338ak43hx1pl5ivg0wewgid7co0y5mw.png' alt='MRI Helyum Dolumu' \/>                            <\/a>\n                                                    <\/div>\n                                                            <div class=\"content\" >\n                                                                            <h5>\n                                <a href=\"https:\/\/healthica.com.tr\/?stm_service=kriyojenik-ekipmanlar-ve-sivi-helyum\"\n                                                                       class=\"text_decoration_none secondary_font_color_hv\">Kriyojenik Ekipmanlar ve S\u0131v\u0131 Helyum<\/a>\n                            <\/h5>\n                                                                            <p>MR cihazlar\u0131n\u0131z\u0131n kriyojenik par\u00e7alar\u0131n\u0131 temin edebilmekte ve s\u0131v\u0131 helyum ihtiya\u00e7lar\u0131nda uygun fiyatlarla tam zaman\u0131nda bir dolum hizmeti vermekteyiz.<\/p>\n                                                                            <a class=\"read_more\"\n                               href=\"https:\/\/healthica.com.tr\/?stm_service=kriyojenik-ekipmanlar-ve-sivi-helyum\" >\n                                <span>detaylar<\/span>\n                                <i class=\" fa fa-chevron-right stm_icon\"><\/i>\n                            <\/a>\n                                            <\/div>\n                <\/div>\n            <\/div>\n                                <div class=\"item\">\n                <div class=\"item_wr\">\n                                            \n                        <div class=\"item_thumbnail\">\n                            <a href=\"https:\/\/healthica.com.tr\/?stm_service=mr-koilleri-bobinler\">\n                                <img src='https:\/\/healthica.com.tr\/wp-content\/uploads\/elementor\/thumbs\/healthica-mri-head-coil-pji39i3lcz5xldjjdj7entqt58qp34cczlcup5fo5k.png' alt='MR Koilleri' \/>                            <\/a>\n                                                    <\/div>\n                                                            <div class=\"content\" >\n                                                                            <h5>\n                                <a href=\"https:\/\/healthica.com.tr\/?stm_service=mr-koilleri-bobinler\"\n                                                                       class=\"text_decoration_none secondary_font_color_hv\">MR Koilleri (Bobinler)<\/a>\n                            <\/h5>\n                                                                            <p>Koil ihtiya\u00e7lar\u0131n\u0131z\u0131 bizimle payla\u015f\u0131n, kampanyam\u0131z dahilindeki indirimlerden yararlanarak ihtiya\u00e7lar\u0131n\u0131z\u0131 kar\u015f\u0131lama \u015fans\u0131n\u0131z olsun. Ayr\u0131ca koil tamiri alternatifi i\u00e7in de teklif isteyebilirsiniz.<\/p>\n                                                                            <a class=\"read_more\"\n                               href=\"https:\/\/healthica.com.tr\/?stm_service=mr-koilleri-bobinler\" >\n                                <span>detaylar<\/span>\n                                <i class=\" fa fa-chevron-right stm_icon\"><\/i>\n                            <\/a>\n                                            <\/div>\n                <\/div>\n            <\/div>\n            <\/div>\n\t\t<\/div>\n\t\t\t\t<\/div>\n\t\t\t\t\t<\/div>\n\t\t<\/div>\n\t\t\t\t\t<\/div>\n\t\t<\/section>\n\t\t\t\t<\/div>\n\t\t","protected":false},"excerpt":{"rendered":"","protected":false},"author":1,"featured_media":0,"parent":0,"menu_order":0,"comment_status":"closed","ping_status":"closed","template":"","meta":{"inline_featured_image":false,"footnotes":""},"lang":"en","translations":{"en":12470,"tr":6266},"pll_sync_post":[],"_links":{"self":[{"href":"https:\/\/healthica.com.tr\/index.php?rest_route=\/wp\/v2\/pages\/12470"}],"collection":[{"href":"https:\/\/healthica.com.tr\/index.php?rest_route=\/wp\/v2\/pages"}],"about":[{"href":"https:\/\/healthica.com.tr\/index.php?rest_route=\/wp\/v2\/types\/page"}],"author":[{"embeddable":true,"href":"https:\/\/healthica.com.tr\/index.php?rest_route=\/wp\/v2\/users\/1"}],"replies":[{"embeddable":true,"href":"https:\/\/healthica.com.tr\/index.php?rest_route=%2Fwp%2Fv2%2Fcomments&post=12470"}],"version-history":[{"count":0,"href":"https:\/\/healthica.com.tr\/index.php?rest_route=\/wp\/v2\/pages\/12470\/revisions"}],"wp:attachment":[{"href":"https:\/\/healthica.com.tr\/index.php?rest_route=%2Fwp%2Fv2%2Fmedia&parent=12470"}],"curies":[{"name":"wp","href":"https:\/\/api.w.org\/{rel}","templated":true}]}}