{"id":11680,"date":"2022-01-25T14:06:11","date_gmt":"2022-01-25T11:06:11","guid":{"rendered":"https:\/\/healthica.com.tr\/kisisel-verilerin-korunmasi-ve-islenmesi-politikasi-2\/"},"modified":"2022-01-25T14:54:17","modified_gmt":"2022-01-25T11:54:17","slug":"kisisel-veriler-aydinlatma-metni","status":"publish","type":"page","link":"https:\/\/healthica.com.tr\/?page_id=11680","title":{"rendered":"Ki\u015fisel Veriler Ayd\u0131nlatma Metni"},"content":{"rendered":"\n<h1 class=\"wp-block-heading\">Ki\u015fisel Veriler Ayd\u0131nlatma Metni<\/h1>\n\n\n\n<p>\u0130\u015fbu Ki\u015fisel Veriler Ayd\u0131nlatma Metni, 6698 say\u0131l\u0131 Ki\u015fisel Verilerin Korunmas\u0131 Kanunu (\u201cKanun\u201d) uyar\u0131nca ki\u015fisel verilerinizin toplanmas\u0131, i\u015flenmesi, aktar\u0131lmas\u0131 ve Kanun kapsam\u0131ndaki haklar\u0131n\u0131za dair sizleri bilgilendirmek amac\u0131yla haz\u0131rlanm\u0131\u015ft\u0131r.<br><strong><br><\/strong>Fahrettin Kerim G\u00f6kay Cad. K\u00f6\u015fkl\u00fc Apt. No:60\/5 Feneryolu, Kad\u0131k\u00f6y \/ \u0130STANBUL adresinde mukim<strong>\u00a0Healthica T\u0131bbi Sistemler San. ve Tic. A.\u015e.\u00a0<\/strong>(\u201c<strong>\u015eirketimiz<\/strong>\u201d veya \u201c<strong>Healthica<\/strong>\u201d) olarak, veri sorumlusu s\u0131fat\u0131yla ki\u015fisel verilerinizi Kanun ve ilgili mevzuata uygun olarak a\u015fa\u011f\u0131da a\u00e7\u0131klanan kapsamda i\u015fliyoruz.<\/p>\n\n\n\n<h2 class=\"wp-block-heading\"><strong>\u0130\u015fledi\u011fimiz Ki\u015fisel Veriler<\/strong><\/h2>\n\n\n\n<p>\u0130\u015fbu Ayd\u0131nlatma Metni\u2019nde belirtilen ki\u015fisel veri i\u015fleme ama\u00e7lar\u0131m\u0131z\u0131 ger\u00e7ekle\u015ftirebilmek amac\u0131yla, a\u015fa\u011f\u0131daki ki\u015fisel verilerini i\u015fliyoruz:Ad, soyad, T.C. Kimlik numaras\u0131, kimlik belgesinde yer alan di\u011fer bilgiler, ehliyet fotokopisinde yer alan bilgiler dahil kimlik bilgileriniz;<\/p>\n\n\n\n<p>\u00b7\u00a0E-posta, telefon numaras\u0131, cep telefonu, ev ve i\u015f yeri adresi dahil ileti\u015fim bilgileriniz;<\/p>\n\n\n\n<p>\u00b7\u00a0Aile ve yak\u0131nlar\u0131n\u0131z ile ilgili bilgiler;<\/p>\n\n\n\n<p>\u00b7\u00a0Mobil uygulama veya internet sitesi ziyaretiniz \u00fczerinden konum bilgileriniz,<\/p>\n\n\n\n<p>\u00b7\u00a0\u00d6zl\u00fck bilgileriniz;<\/p>\n\n\n\n<p>\u00b7\u00a0Hukuki i\u015flem bilgileriniz;<\/p>\n\n\n\n<p>\u00b7\u00a0M\u00fc\u015fteri i\u015flem bilgileriniz;<\/p>\n\n\n\n<p>\u00b7\u00a0Ziyaret\u00e7i giri\u015f ve \u00e7\u0131k\u0131\u015f kay\u0131tlar\u0131 dahil fiziksel mek\u00e2n g\u00fcvenli\u011fi bilgileriniz;<\/p>\n\n\n\n<p>\u00b7\u00a0IP adresi ve internet sitesi giri\u015f \u00e7\u0131k\u0131\u015f bilgileri dahil i\u015flem g\u00fcvenli\u011fi bilgileriniz;<\/p>\n\n\n\n<p>\u00b7\u00a0Risk y\u00f6netimi bilgileriniz;<\/p>\n\n\n\n<p>\u00b7\u00a0Banka kart\u0131 ve kredi kart\u0131 bilgileriniz dahil finansal bilgileriniz;<\/p>\n\n\n\n<p>\u00b7\u00a0CV&#8217;leriniz ve \u00f6zge\u00e7mi\u015f bilgileriniz dahil mesleki deneyim bilgileriniz;<\/p>\n\n\n\n<p>\u00b7\u00a0Kullan\u0131m al\u0131\u015fkanl\u0131klar\u0131n\u0131z ve ge\u00e7mi\u015f \u00fcr\u00fcn\/hizmet al\u0131m\u0131 bilgileriniz dahil pazarlama bilgileriniz;<\/p>\n\n\n\n<p>\u00b7\u00a0G\u00f6rsel ve i\u015fitsel verileriniz,<\/p>\n\n\n\n<p>\u00b7\u00a0CV\u2019lerinizde yer alan dernek ve vak\u0131f \u00fcyeli\u011fi bilgileriniz,<\/p>\n\n\n\n<p>\u00b7\u00a0Ehliyet fotokopilerinde yer alan kan grubu bilgileriniz.<\/p>\n\n\n\n<h2 class=\"wp-block-heading\"><strong>Ki\u015fisel Veri \u0130\u015fleme Ama\u00e7lar\u0131m\u0131z<\/strong><\/h2>\n\n\n\n<p>Ki\u015fisel verilerinizi, a\u015fa\u011f\u0131daki ama\u00e7lar ile s\u0131n\u0131rl\u0131 olarak i\u015fliyoruz:<\/p>\n\n\n\n<p>\u00b7&nbsp;\u00dcr\u00fcn ve\/veya hizmetlerimizin sunulabilmesi ve sat\u0131\u015f s\u00fcre\u00e7lerinin y\u00fcr\u00fct\u00fclmesi,<\/p>\n\n\n\n<p>\u00b7&nbsp;\u00dcr\u00fcn ve\/veya hizmet al\u0131m s\u00fcre\u00e7lerinin y\u00fcr\u00fct\u00fclmesi,<\/p>\n\n\n\n<p>\u00b7&nbsp;\u0130htiya\u00e7lar\u0131n\u0131z ve talepleriniz do\u011frultusunda \u00fcr\u00fcn ve hizmetlerimizin g\u00fcncellenmesi, \u00f6zelle\u015ftirilmesi ve geli\u015ftirilmesi,<\/p>\n\n\n\n<p>\u00b7&nbsp;\u00dcr\u00fcn ve hizmetlerimizdeki problemlerin \u00e7\u00f6z\u00fclmesi, hata, sorun ve buglar\u0131n tespit edilmesi ve bunlar\u0131n giderilmesi,<\/p>\n\n\n\n<p>\u00b7&nbsp;Yeni \u00fcr\u00fcn veya hizmetlerimiz, mevcut \u00fcr\u00fcn veya hizmetlerimizdeki de\u011fi\u015fiklikler ile kampanyalar\u0131m\u0131z ve promosyonlar\u0131m\u0131z hakk\u0131nda sizlerin bilgilendirilmesi,<\/p>\n\n\n\n<p>\u00b7&nbsp;\u00dcr\u00fcn ve hizmetlerimiz hakk\u0131nda size gerekli e\u011fitimlerin ve bilgilendirmelerin verilebilmesi, programlar\u0131m\u0131z\u0131n nas\u0131l kullan\u0131laca\u011f\u0131n\u0131n izah edilmesi,<\/p>\n\n\n\n<p>\u00b7&nbsp;M\u00fc\u015fteri ili\u015fkileri s\u00fcre\u00e7lerinin y\u00fcr\u00fct\u00fclmesi,<\/p>\n\n\n\n<p>\u00b7&nbsp;\u00c7a\u011fr\u0131 merkezi ve uzaktan destek hizmetlerinin sa\u011flanmas\u0131,<\/p>\n\n\n\n<p>\u00b7&nbsp;\u0130nternet sitesi \u00fcyelik i\u015flemlerinin ger\u00e7ekle\u015ftirilmesi,<\/p>\n\n\n\n<p>\u00b7&nbsp;\u0130nternet sitelerimizde ziyaret\u00e7ilerimizin tecr\u00fcbesini iyile\u015ftirmek, talep ve sorunlar\u0131 tespit etmek ve aramalar\u0131n\u0131 h\u0131zl\u0131 sonu\u00e7land\u0131rmak amac\u0131yla \u00e7erezlerin y\u00f6netilmesi. (Daha detayl\u0131 bilgi i\u00e7in \u00c7erez Politikam\u0131za<em>&nbsp;bakabilirsiniz)<\/em><\/p>\n\n\n\n<p>\u00b7&nbsp;Ticari faaliyetlerimizi y\u00fcr\u00fctmeye devam etmek amac\u0131yla ileti\u015fim bilgilerinizin g\u00fcncellenmesi ve bu g\u00fcncel bilgilerinizin ilgili kurumlar\u0131m\u0131z, \u015firketlerimiz, y\u00fcklenicilerimiz ve\/veya tedarik\u00e7ilerimize sa\u011flanmas\u0131,<\/p>\n\n\n\n<p>\u00b7&nbsp;\u0130\u015f s\u00fcre\u00e7lerinizi analiz ederek, \u00fcr\u00fcn ve hizmetlerimizin s\u00fcre\u00e7lerinize uygun olarak hale getirilmesi ve \u00f6nerileriniz, istekleriniz ya da raporlar\u0131m\u0131z do\u011frultusunda iyile\u015ftirilmesi, taraf\u0131n\u0131zca yap\u0131lan herhangi bir \u015fik\u00e2yetin incelenmesi ve yan\u0131tlanmas\u0131,<\/p>\n\n\n\n<p>\u00b7&nbsp;Yanl\u0131\u015f \u00f6deme yapanlara \u00f6demenin iadesi i\u015flemlerinin y\u00fcr\u00fct\u00fclmesi,<\/p>\n\n\n\n<p>\u00b7&nbsp;M\u00fc\u015fteri memnuniyetine y\u00f6nelik aktivitelerin y\u00fcr\u00fct\u00fclmesi, sosyal medya ve ileti\u015fim s\u00fcre\u00e7lerinin planlanmas\u0131 ve icra edilmesi,<\/p>\n\n\n\n<p>\u00b7&nbsp;Pazarlama faaliyetlerinin y\u00fcr\u00fct\u00fclmesi, reklam \/ kampanya \/ promosyon s\u00fcre\u00e7lerinin y\u00fcr\u00fct\u00fclmesi,<\/p>\n\n\n\n<p>\u00b7&nbsp;Cari kayd\u0131n\u0131n a\u00e7\u0131lmas\u0131 ve kayd\u0131n\u0131n g\u00fcncellenmesi ve m\u00fc\u015fteri ve i\u015f ortaklar\u0131n\u0131n nevi, unvan ve t\u00fcr de\u011fi\u015fikli\u011finin yap\u0131lmas\u0131,<\/p>\n\n\n\n<p>\u00b7&nbsp;\u0130\u015f orta\u011f\u0131 memnuniyetinin sorgulanmas\u0131,<\/p>\n\n\n\n<p>\u00b7&nbsp;\u0130\u015f faaliyetlerimizin y\u00f6netilmesi, y\u00fcr\u00fct\u00fclmesi ve denetlenmesi, i\u015f s\u00fcreklili\u011finin sa\u011flanmas\u0131 faaliyetlerinin y\u00fcr\u00fct\u00fclmesi,<\/p>\n\n\n\n<p>\u00b7&nbsp;Finans ve muhasebe i\u015flerinin y\u00fcr\u00fct\u00fclmesi,<\/p>\n\n\n\n<p>\u00b7&nbsp;Bina ve tesislerimizin fiziksel mek\u00e2n g\u00fcvenli\u011finin sa\u011flanmas\u0131 ve ziyaret\u00e7i kay\u0131tlar\u0131n\u0131n olu\u015fturulmas\u0131 ve takibinin sa\u011flanmas\u0131,<\/p>\n\n\n\n<p>\u00b7&nbsp;Yaz\u0131l\u0131mlar\u0131m\u0131z\u0131n ve sistemlerimizin g\u00fcvenli\u011finin sa\u011flanmas\u0131 ve bilgi g\u00fcvenli\u011fi s\u00fcre\u00e7lerinin y\u00fcr\u00fct\u00fclmesi,<\/p>\n\n\n\n<p>\u00b7&nbsp;\u00c7al\u0131\u015fanlar\u0131m\u0131z\u0131n yak\u0131nlar\u0131 i\u00e7in yan haklar ve menfaatler sa\u011flanmas\u0131,<\/p>\n\n\n\n<p>\u00b7&nbsp;\u00c7al\u0131\u015fan adaylar\u0131n\u0131n i\u015f ba\u015fvurular\u0131n\u0131n de\u011ferlendirilmesi, m\u00fclakatlar\u0131n ve g\u00f6r\u00fc\u015fmelerin yap\u0131lmas\u0131, \u00f6zge\u00e7mi\u015flerinde referans olarak g\u00f6sterdikleri ki\u015filer ile ileti\u015fime ge\u00e7ilmesi,<\/p>\n\n\n\n<p>\u00b7&nbsp;\u015eirket sat\u0131n al\u0131m\u0131yla ilgili s\u00fcre\u00e7lerin y\u00fcr\u00fct\u00fclmesi,<\/p>\n\n\n\n<p>\u00b7&nbsp;\u015eirketimiz taraf\u0131ndan ticari kredi kartlar\u0131n\u0131n \u00e7\u0131kar\u0131lmas\u0131,<\/p>\n\n\n\n<p>\u00b7&nbsp;Yasal mevzuatlara uyum sa\u011flanmak ve hukuki y\u00fck\u00fcml\u00fcl\u00fcklerimizin yerine getirilmesi.<\/p>\n\n\n\n<h2 class=\"wp-block-heading\"><strong>Ki\u015fisel Verileri Toplama Y\u00f6ntemimiz<\/strong><\/h2>\n\n\n\n<p>Ki\u015fisel verilerinizi, a\u015fa\u011f\u0131da belirtilen otomatik ve otomatik olmayan kanallar \u00fczerinden topluyoruz:<\/p>\n\n\n\n<p>\u00b7&nbsp;CCTV (Kapal\u0131 Devre Kamera Kay\u0131tlar\u0131),<\/p>\n\n\n\n<p>\u00b7&nbsp;\u00c7erezler (Cookies) ve benzer takip teknolojileri,<\/p>\n\n\n\n<p>\u00b7&nbsp;Matbu ve elektronik form,<\/p>\n\n\n\n<p>\u00b7&nbsp;Posta, kargo ya da kurye hizmetleri,<\/p>\n\n\n\n<p>\u00b7&nbsp;Uzaktan eri\u015fim sa\u011flayan programlar,<\/p>\n\n\n\n<p>\u00b7&nbsp;T\u00fcrkiye\u2019nin farkl\u0131 yerlerindeki bayilerimiz, i\u015f ortaklar\u0131m\u0131z,<\/p>\n\n\n\n<p>\u00b7&nbsp;Hizmet ald\u0131\u011f\u0131m\u0131z firmalar,<\/p>\n\n\n\n<p>\u00b7&nbsp;Di\u011fer fiziki ve elektronik ortamlar,<\/p>\n\n\n\n<h3 class=\"wp-block-heading\">1.&nbsp;<strong>\u0130\u015flemeye Y\u00f6nelik Hukuki Sebeplerimiz<\/strong><\/h3>\n\n\n\n<p>Ki\u015fisel verilerinizi, Kanun\u2019un 5. ve 6. maddelerinde belirtilen i\u015fleme \u015fartlar\u0131 dahilinde i\u015fliyoruz.<\/p>\n\n\n\n<h3 class=\"wp-block-heading\">2.&nbsp;<strong>Ki\u015fisel Verilerinizin Aktar\u0131lmas\u0131<\/strong><\/h3>\n\n\n\n<p>Ki\u015fisel verilerinizi Kanun\u2019un 8. ve 9. maddelerinde belirtilen i\u015fleme \u015fartlar\u0131 dahilinde, yukar\u0131da belirtti\u011fimiz ama\u00e7lar ile s\u0131n\u0131rl\u0131 olarak \u00e7al\u0131\u015fanlar\u0131m\u0131z, i\u015f ortaklar\u0131m\u0131z, hissedarlar\u0131m\u0131z, tedarik\u00e7ilerimiz, \u015firket temsilcisi ve hukuken yetkili vekillerimiz ve hukuken yetkili kamu\/\u00f6zel kurum ve kurulu\u015flar\u0131na aktarabiliyoruz.<\/p>\n\n\n\n<h3 class=\"wp-block-heading\">3.&nbsp;<strong>Ki\u015fisel Verilerinize \u0130li\u015fkin Haklar\u0131n\u0131z<\/strong><\/h3>\n\n\n\n<p>Kanun\u2019un 11. maddesi uyar\u0131nca ki\u015fisel verilerinize ili\u015fkin a\u015fa\u011f\u0131daki haklara sahipsiniz:<\/p>\n\n\n\n<p>\u00b7&nbsp;Ki\u015fisel verilerinizin i\u015flenip i\u015flenmedi\u011fini \u00f6\u011frenme,<\/p>\n\n\n\n<p>\u00b7&nbsp;Ki\u015fisel verileriniz i\u015flenmi\u015fse buna ili\u015fkin bilgi talep etme,<\/p>\n\n\n\n<p>\u00b7&nbsp;Ki\u015fisel verilerin i\u015flenme amac\u0131n\u0131 ve bunlar\u0131n amac\u0131na uygun kullan\u0131l\u0131p kullan\u0131lmad\u0131\u011f\u0131n\u0131 \u00f6\u011frenme,<\/p>\n\n\n\n<p>\u00b7&nbsp;Yurt i\u00e7inde veya yurt d\u0131\u015f\u0131nda ki\u015fisel verilerinizin aktar\u0131ld\u0131\u011f\u0131 \u00fc\u00e7\u00fcnc\u00fc ki\u015fileri bilme,<\/p>\n\n\n\n<p>\u00b7&nbsp;Ki\u015fisel verilerinizin eksik veya yanl\u0131\u015f i\u015flenmi\u015f olmas\u0131 halinde bunlar\u0131n d\u00fczeltilmesini isteme ve bu kapsamda yap\u0131lan i\u015flemin ki\u015fisel verilerinizin aktar\u0131ld\u0131\u011f\u0131 \u00fc\u00e7\u00fcnc\u00fc ki\u015filere bildirilmesini isteme,<\/p>\n\n\n\n<p>\u00b7&nbsp;6698 say\u0131l\u0131 Ki\u015fisel Verilerin Korunmas\u0131 Kanunu&nbsp;ve ilgili di\u011fer kanun h\u00fck\u00fcmlerine uygun olarak i\u015flenmi\u015f olmas\u0131na ra\u011fmen, i\u015flenmesini gerektiren sebeplerin ortadan kalkmas\u0131 h\u00e2linde ki\u015fisel verilerinizin silinmesini veya yok edilmesini isteme ve bu kapsamda yap\u0131lan i\u015flemin ki\u015fisel verilerinizin aktar\u0131ld\u0131\u011f\u0131 \u00fc\u00e7\u00fcnc\u00fc ki\u015filere bildirilmesini isteme,<\/p>\n\n\n\n<p>\u00b7&nbsp;\u0130\u015flenen verilerin m\u00fcnhas\u0131ran otomatik sistemler vas\u0131tas\u0131yla analiz edilmesi suretiyle aleyhinize bir sonucun ortaya \u00e7\u0131kmas\u0131na itiraz etme,<\/p>\n\n\n\n<p>\u00b7&nbsp;Ki\u015fisel verilerin kanuna ayk\u0131r\u0131 olarak i\u015flenmesi sebebiyle zarara u\u011framan\u0131z halinde bu zarar\u0131n giderilmesini talep etme.<\/p>\n\n\n\n<p>Bu haklar\u0131n\u0131za ili\u015fkin taleplerinizi\u00a0<em><u><em><strong>Ba\u015fvuru Formu<\/strong><\/em><\/u><\/em> \u00fczerinden g\u00f6nderebilirsiniz.<\/p>\n\n\n\n<p>Ba\u015fvurunuz \u00fccretsiz olarak yerine getirilecektir. Ancak talep edilen i\u015flemin ayr\u0131ca bir maliyet gerektirmesi halinde, Ki\u015fisel Verileri Koruma Kurulu taraf\u0131ndan belirlenen tarifedeki \u00fccretler ba\u015fvurandan talep edilecektir.&nbsp;<\/p>\n","protected":false},"excerpt":{"rendered":"<p>Ki\u015fisel Veriler Ayd\u0131nlatma Metni \u0130\u015fbu Ki\u015fisel Veriler Ayd\u0131nlatma Metni, 6698 say\u0131l\u0131 Ki\u015fisel Verilerin Korunmas\u0131 Kanunu (\u201cKanun\u201d) uyar\u0131nca ki\u015fisel verilerinizin toplanmas\u0131, i\u015flenmesi, aktar\u0131lmas\u0131 ve Kanun kapsam\u0131ndaki haklar\u0131n\u0131za dair sizleri bilgilendirmek amac\u0131yla haz\u0131rlanm\u0131\u015ft\u0131r.Fahrettin Kerim G\u00f6kay Cad. K\u00f6\u015fkl\u00fc Apt. No:60\/5 Feneryolu, Kad\u0131k\u00f6y \/ \u0130STANBUL adresinde mukim\u00a0Healthica T\u0131bbi Sistemler San. ve Tic. A.\u015e.\u00a0(\u201c\u015eirketimiz\u201d veya \u201cHealthica\u201d) olarak, veri sorumlusu s\u0131fat\u0131yla<\/p>\n","protected":false},"author":1,"featured_media":0,"parent":0,"menu_order":0,"comment_status":"closed","ping_status":"closed","template":"","meta":{"inline_featured_image":false,"footnotes":""},"lang":"tr","translations":{"tr":11680},"pll_sync_post":[],"_links":{"self":[{"href":"https:\/\/healthica.com.tr\/index.php?rest_route=\/wp\/v2\/pages\/11680"}],"collection":[{"href":"https:\/\/healthica.com.tr\/index.php?rest_route=\/wp\/v2\/pages"}],"about":[{"href":"https:\/\/healthica.com.tr\/index.php?rest_route=\/wp\/v2\/types\/page"}],"author":[{"embeddable":true,"href":"https:\/\/healthica.com.tr\/index.php?rest_route=\/wp\/v2\/users\/1"}],"replies":[{"embeddable":true,"href":"https:\/\/healthica.com.tr\/index.php?rest_route=%2Fwp%2Fv2%2Fcomments&post=11680"}],"version-history":[{"count":0,"href":"https:\/\/healthica.com.tr\/index.php?rest_route=\/wp\/v2\/pages\/11680\/revisions"}],"wp:attachment":[{"href":"https:\/\/healthica.com.tr\/index.php?rest_route=%2Fwp%2Fv2%2Fmedia&parent=11680"}],"curies":[{"name":"wp","href":"https:\/\/api.w.org\/{rel}","templated":true}]}}